{"id":995,"date":"2016-12-07T14:15:29","date_gmt":"2016-12-07T13:15:29","guid":{"rendered":"https:\/\/proda.koding.as\/?page_id=995"},"modified":"2025-08-01T09:55:02","modified_gmt":"2025-08-01T07:55:02","slug":"tariffavtale-for-pedagoger","status":"publish","type":"page","link":"https:\/\/proda.no\/en\/om-proda\/tariffavtale-for-pedagoger\/","title":{"rendered":"Collective agreement for instructors"},"content":{"rendered":"<p>PRODA har tariffavtale med Norske Dansekunstnere. Avtalen regulerer arbeids- og l\u00f8nnsforhold til kursholdere ved alle PRODAs regioner. Avtalen forhandles hvert \u00e5r, og i tr\u00e5d med nasjonale l\u00f8nnsforhandlinger.\u00a0<\/p>\n<p>L\u00f8nnsregulativet ble gjennom g\u00e5tt mellom partene i 2024, og nytt l\u00f8nns- og vektingssystem ble implementert 01.01.2024.\u00a0<\/p>\n<p><\/p>\n<p><\/p>\n<p>Tariffavtalen kan leses i sin helhet her.\u00a0<\/p>\n\n\n<div data-wp-interactive=\"core\/file\" class=\"wp-block-file\"><object data-wp-bind--hidden=\"!state.hasPdfPreview\" hidden class=\"wp-block-file__embed\" data=\"https:\/\/proda.no\/wp-content\/uploads\/2024\/07\/Tariffavtale-justert-17.06.2024.pdf\" type=\"application\/pdf\" style=\"width:100%;height:600px\" aria-label=\"Embed of Tariffavtale.\"><\/object><a id=\"wp-block-file--media-f0d8b293-0365-42ef-a72f-f4890582a180\" href=\"https:\/\/proda.no\/wp-content\/uploads\/2024\/07\/Tariffavtale-justert-17.06.2024.pdf\">Tariffavtale<\/a><a href=\"https:\/\/proda.no\/wp-content\/uploads\/2024\/07\/Tariffavtale-justert-17.06.2024.pdf\" class=\"wp-block-file__button wp-element-button\" download aria-describedby=\"wp-block-file--media-f0d8b293-0365-42ef-a72f-f4890582a180\">Last ned<\/a><\/div>","protected":false},"excerpt":{"rendered":"<p>PRODA har tariffavtale med Norske Dansekunstnere. Avtalen regulerer arbeids- og l\u00f8nnsforhold til kursholdere ved alle PRODAs regioner. Avtalen forhandles hvert \u00e5r, og i tr\u00e5d med nasjonale l\u00f8nnsforhandlinger.\u00a0 L\u00f8nnsregulativet ble gjennom&#8230;<\/p>","protected":false},"author":1,"featured_media":0,"parent":140,"menu_order":0,"comment_status":"closed","ping_status":"closed","template":"","meta":{"_acf_changed":false,"footnotes":""},"class_list":["post-995","page","type-page","status-publish","hentry"],"acf":[],"featured_image_src":null,"_links":{"self":[{"href":"https:\/\/proda.no\/en\/wp-json\/wp\/v2\/pages\/995","targetHints":{"allow":["GET"]}}],"collection":[{"href":"https:\/\/proda.no\/en\/wp-json\/wp\/v2\/pages"}],"about":[{"href":"https:\/\/proda.no\/en\/wp-json\/wp\/v2\/types\/page"}],"author":[{"embeddable":true,"href":"https:\/\/proda.no\/en\/wp-json\/wp\/v2\/users\/1"}],"replies":[{"embeddable":true,"href":"https:\/\/proda.no\/en\/wp-json\/wp\/v2\/comments?post=995"}],"version-history":[{"count":9,"href":"https:\/\/proda.no\/en\/wp-json\/wp\/v2\/pages\/995\/revisions"}],"predecessor-version":[{"id":19841,"href":"https:\/\/proda.no\/en\/wp-json\/wp\/v2\/pages\/995\/revisions\/19841"}],"up":[{"embeddable":true,"href":"https:\/\/proda.no\/en\/wp-json\/wp\/v2\/pages\/140"}],"wp:attachment":[{"href":"https:\/\/proda.no\/en\/wp-json\/wp\/v2\/media?parent=995"}],"curies":[{"name":"wp","href":"https:\/\/api.w.org\/{rel}","templated":true}]}}