{"id":989,"date":"2016-12-07T14:14:07","date_gmt":"2016-12-07T13:14:07","guid":{"rendered":"https:\/\/proda.koding.as\/?page_id=989"},"modified":"2022-02-17T12:56:33","modified_gmt":"2022-02-17T11:56:33","slug":"strategiplan","status":"publish","type":"page","link":"https:\/\/proda.no\/en\/om-proda\/strategiplan\/","title":{"rendered":"Strategy plan"},"content":{"rendered":"<p>The board carried out a user survey in 2018, and based on this made a strategic plan for PRODA 2019-2024. In 2021, a review of the plan was carried out and it was adjusted according to PRODA's development, new needs and considerations. The plan contains three main goals and a number of sub-goals.<\/p>\n\n\n\n<p><strong>VISION<\/strong><\/p>\n\n\n\n<p><strong>PRODA shall be a relevant and unifying professional offer for the entire dance field, and an inspiring arena for professional development.<\/strong><\/p>\n\n\n\n<p>PRODA will bring the vision to life through the following areas: \u00a0<br><em>Course program, Working conditions, Visibility and position<\/em><\/p>\n\n\n\n<p>Read the whole strategy here: (in Norwegian) <a href=\"https:\/\/proda.no\/wp-content\/uploads\/2022\/02\/Strategiplan-oppdatert.pdf\">Strategy plan<\/a><\/p>","protected":false},"excerpt":{"rendered":"<p>Styret gjennomf\u00f8rte en Brukerunders\u00f8kelse i 2018 og utarbeidet p\u00e5 bakgrunn av denne en strategiplan for PRODA 2019-2024. I 2021 ble det gjort en gjennomgang av planen og den ble justert&#8230;<\/p>","protected":false},"author":1,"featured_media":0,"parent":140,"menu_order":0,"comment_status":"closed","ping_status":"closed","template":"","meta":{"_acf_changed":false,"footnotes":""},"class_list":["post-989","page","type-page","status-publish","hentry"],"acf":[],"featured_image_src":null,"_links":{"self":[{"href":"https:\/\/proda.no\/en\/wp-json\/wp\/v2\/pages\/989","targetHints":{"allow":["GET"]}}],"collection":[{"href":"https:\/\/proda.no\/en\/wp-json\/wp\/v2\/pages"}],"about":[{"href":"https:\/\/proda.no\/en\/wp-json\/wp\/v2\/types\/page"}],"author":[{"embeddable":true,"href":"https:\/\/proda.no\/en\/wp-json\/wp\/v2\/users\/1"}],"replies":[{"embeddable":true,"href":"https:\/\/proda.no\/en\/wp-json\/wp\/v2\/comments?post=989"}],"version-history":[{"count":6,"href":"https:\/\/proda.no\/en\/wp-json\/wp\/v2\/pages\/989\/revisions"}],"predecessor-version":[{"id":11198,"href":"https:\/\/proda.no\/en\/wp-json\/wp\/v2\/pages\/989\/revisions\/11198"}],"up":[{"embeddable":true,"href":"https:\/\/proda.no\/en\/wp-json\/wp\/v2\/pages\/140"}],"wp:attachment":[{"href":"https:\/\/proda.no\/en\/wp-json\/wp\/v2\/media?parent=989"}],"curies":[{"name":"wp","href":"https:\/\/api.w.org\/{rel}","templated":true}]}}