{"id":971,"date":"2016-12-07T13:16:01","date_gmt":"2016-12-07T12:16:01","guid":{"rendered":"https:\/\/proda.koding.as\/?page_id=971"},"modified":"2026-01-08T13:08:43","modified_gmt":"2026-01-08T12:08:43","slug":"omoss","status":"publish","type":"page","link":"https:\/\/proda.no\/en\/om-proda\/omoss\/","title":{"rendered":"Organisasjon"},"content":{"rendered":"<p>PRODA profesjonell dansetrening er en veldrevet og erfaren organisasjon, som inng\u00e5r i den institusjonelle infrastrukturen for dansekunstnere. PRODA ble opprettet i 1988 av Norske Dansekunstnere, med tilskudd fra Kulturdepartementet.\u00a0<\/p>\n<p>Organisasjonen har siden opprettelsen utvidet sitt mandat, og er i dag organisert med et landsdekkende apparat \u2013 operasjonalisert gjennom 10 regionale avdelinger. Paraplyen PRODA profesjonell dansetrening er organisert som en stiftelse, og det sentrale leddet, best\u00e5ende av styret og daglig leder, er lokalisert i samme lokaler som PRODA Oslo.<\/p>\n<p>PRODA Oslo er v\u00e5r st\u00f8rste regionale avdeling, og holder til i Rom for Dans sine lokaler p\u00e5 Gr\u00fcnerl\u00f8kka i Oslo. PRODA Oslo best\u00e5r av fagansvarlig i en 50% stilling og repetit\u00f8r i en 20% stilling.<\/p>\n<p>De regionale avdelingene er situert ved de regionale kompetansesentrene for dans (8) og via regionale interesseorganisasjoner (2).<\/p>\n<p style=\"text-align: left;\">Styret best\u00e5r av b\u00e5de dansesekunstnere som arbeider innenfor ulike deler av dansebransjen, i tillegg til personer fra annet fagfelt enn dansekunsten. Styremedlemmer innstilles av PRODA og Norske dansekunstneres valgkomit\u00e9, og velges p\u00e5 \u00e5rsm\u00f8te. Norske Dansekunstnere oppnevner ett styremedlem med personlig vara.<\/p>\n<p>Siste \u00e5rsm\u00f8te ble avholdt 21. mai 2025<\/p>\n<p>PRODA profesjonell dansetrening er medlem av Balansekunst, Virke og Stiftelsesforeningen.<\/p>\n\n\n<p><\/p>","protected":false},"excerpt":{"rendered":"<p>PRODA profesjonell dansetrening er en veldrevet og erfaren organisasjon, som inng\u00e5r i den institusjonelle infrastrukturen for dansekunstnere. PRODA ble opprettet i 1988 av Norske Dansekunstnere, med tilskudd fra Kulturdepartementet.\u00a0 Organisasjonen&#8230;<\/p>","protected":false},"author":1,"featured_media":0,"parent":140,"menu_order":0,"comment_status":"closed","ping_status":"closed","template":"templ-about.php","meta":{"_acf_changed":false,"footnotes":""},"class_list":["post-971","page","type-page","status-publish","hentry"],"acf":[],"featured_image_src":null,"_links":{"self":[{"href":"https:\/\/proda.no\/en\/wp-json\/wp\/v2\/pages\/971","targetHints":{"allow":["GET"]}}],"collection":[{"href":"https:\/\/proda.no\/en\/wp-json\/wp\/v2\/pages"}],"about":[{"href":"https:\/\/proda.no\/en\/wp-json\/wp\/v2\/types\/page"}],"author":[{"embeddable":true,"href":"https:\/\/proda.no\/en\/wp-json\/wp\/v2\/users\/1"}],"replies":[{"embeddable":true,"href":"https:\/\/proda.no\/en\/wp-json\/wp\/v2\/comments?post=971"}],"version-history":[{"count":34,"href":"https:\/\/proda.no\/en\/wp-json\/wp\/v2\/pages\/971\/revisions"}],"predecessor-version":[{"id":20918,"href":"https:\/\/proda.no\/en\/wp-json\/wp\/v2\/pages\/971\/revisions\/20918"}],"up":[{"embeddable":true,"href":"https:\/\/proda.no\/en\/wp-json\/wp\/v2\/pages\/140"}],"wp:attachment":[{"href":"https:\/\/proda.no\/en\/wp-json\/wp\/v2\/media?parent=971"}],"curies":[{"name":"wp","href":"https:\/\/api.w.org\/{rel}","templated":true}]}}