{"id":964,"date":"2016-12-07T13:11:47","date_gmt":"2016-12-07T12:11:47","guid":{"rendered":"https:\/\/proda.koding.as\/?page_id=964"},"modified":"2025-06-10T15:50:46","modified_gmt":"2025-06-10T13:50:46","slug":"arsrapporter","status":"publish","type":"page","link":"https:\/\/proda.no\/en\/om-proda\/arsrapporter\/","title":{"rendered":"Yearly reports"},"content":{"rendered":"<p>Annual reports are made for PRODA's nationwide activity. These are only availiable in Norwegian.<\/p>\n<p>Dowload the last reports here.<\/p>\n<p><a href=\"https:\/\/proda.no\/wp-content\/uploads\/2025\/06\/Arsrapport-2024.pdf\">A\u030arsrapport 2024<\/a><\/p>\n<p><a href=\"https:\/\/proda.no\/wp-content\/uploads\/2024\/06\/Arsrapport-2023.pdf\">A\u030arsrapport 2023<\/a><\/p>\n<p><a href=\"https:\/\/proda.no\/wp-content\/uploads\/2023\/03\/Signert-arsrapport-2022.pdf\">\u00c5rsrapport 2022<\/a><\/p>\n<p><a href=\"https:\/\/proda.no\/wp-content\/uploads\/2022\/03\/Signert-a\u030arsrapport-2021.pdf\">\u00c5rsrapport 2021<\/a><\/p>\n<p><a href=\"https:\/\/proda.no\/wp-content\/uploads\/2021\/05\/A\u030arsrapport-2020.pdf\">\u00c5rsrapport 2020<\/a><\/p>\n<p><a href=\"https:\/\/proda.no\/wp-content\/uploads\/2020\/03\/A\u030arsrapport-2019.pdf\">A\u030arsrapport 2019<\/a><\/p>","protected":false},"excerpt":{"rendered":"<p>Det utarbeides \u00e5rlig rapporter for PRODAs landsdekkende virksomhet. Rapportene omtaler forvaltning, \u00f8konomi, aktivitet, samarbeidspartnere og dansefeltet spesifisert pr region. Her kan du laste ned de siste \u00e5rsrapportene. A\u030arsrapport 2024 A\u030arsrapport&#8230;<\/p>","protected":false},"author":1,"featured_media":0,"parent":140,"menu_order":0,"comment_status":"closed","ping_status":"closed","template":"","meta":{"_acf_changed":false,"footnotes":""},"class_list":["post-964","page","type-page","status-publish","hentry"],"acf":[],"featured_image_src":null,"_links":{"self":[{"href":"https:\/\/proda.no\/en\/wp-json\/wp\/v2\/pages\/964","targetHints":{"allow":["GET"]}}],"collection":[{"href":"https:\/\/proda.no\/en\/wp-json\/wp\/v2\/pages"}],"about":[{"href":"https:\/\/proda.no\/en\/wp-json\/wp\/v2\/types\/page"}],"author":[{"embeddable":true,"href":"https:\/\/proda.no\/en\/wp-json\/wp\/v2\/users\/1"}],"replies":[{"embeddable":true,"href":"https:\/\/proda.no\/en\/wp-json\/wp\/v2\/comments?post=964"}],"version-history":[{"count":13,"href":"https:\/\/proda.no\/en\/wp-json\/wp\/v2\/pages\/964\/revisions"}],"predecessor-version":[{"id":19483,"href":"https:\/\/proda.no\/en\/wp-json\/wp\/v2\/pages\/964\/revisions\/19483"}],"up":[{"embeddable":true,"href":"https:\/\/proda.no\/en\/wp-json\/wp\/v2\/pages\/140"}],"wp:attachment":[{"href":"https:\/\/proda.no\/en\/wp-json\/wp\/v2\/media?parent=964"}],"curies":[{"name":"wp","href":"https:\/\/api.w.org\/{rel}","templated":true}]}}