{"id":961,"date":"2016-12-07T13:06:04","date_gmt":"2016-12-07T12:06:04","guid":{"rendered":"https:\/\/proda.koding.as\/?page_id=961"},"modified":"2025-09-22T12:39:31","modified_gmt":"2025-09-22T10:39:31","slug":"vedtekter","status":"publish","type":"page","link":"https:\/\/proda.no\/en\/om-proda\/vedtekter\/","title":{"rendered":"Statues"},"content":{"rendered":"<p><strong>VEDTEKTER for Stiftelsen PRODA profesjonell dansetrening<\/strong><br \/>\nUtarbeidet av adv. Kjetil Lund i samarbeid med interimstyret og Norsk Ballettforbund.<br \/>\nVedtatt av Norsk Ballettforbunds storstyre og generalforsamlingen i 1988.<br \/>\nStiftelsen ble opprettet av\u00a0Norsk Balletforbund i 1988. Norsk Ballettforbund skiftet navn til Norske Dansekunstnere, forbundet for dansere,\u00a0koreografer og pedagoger i 2002. <strong>Stiftelsen skiftet navn i 2008 fra Gratis Daglig Trening til PRODA profesjonell dansetrening, og i 2025 til Stiftelsen PRODA profesjonell dansetrening.<\/strong> Vedtektsendringer for stiftelsen foretatt i 1993, 1995, 2005, 2007, 2008, 2012, 2016, 2021, 2022, 2023, 2025<\/p>\n<p>\u00a71<\/p>\n<p>NAVN<br \/>\nStiftelsen PRODA profesjonell dansetrening<\/p>\n<p>\u00a72<\/p>\n<p>FORM\u00c5L<br \/>\nStiftelsen PRODA er et kostnadsfritt og landsdekkende tiltak for profesjonelle dansekunstnere uavhengig av organisasjonsmessig tilknytning. PRODA skal arrangere et daglig kompetansehevende fagtilbud, som bidrar til at dansekunstnere kan ut\u00f8ve og formidle dans av h\u00f8y kvalitet.<\/p>\n<p>\u00a73<\/p>\n<p>STIFTELSENS MIDLER<br \/>\nStiftelsen finansieres ved de bevilgninger som hvert \u00e5r stilles til r\u00e5dighet av staten eller annen offentlig myndighet, samt andre midler som kan skaffes til veie p\u00e5 annet hold.<br \/>\nGrunnkapitalen er kr. 100.000.<\/p>\n<p>\u00a74<\/p>\n<p>STYRET<br \/>\nStiftelsens styre velges av \u00e5rsm\u00f8te. Styret skal best\u00e5 av styreleder og 4 styremedlemmer og 3 varamedlemmer. Valgkomiteen innstiller 1 styreleder, 3 styremedlemmer og 2 varamedlemmer. Norske dansekunstneres styre oppnevner ett styremedlem med personlig vara. Styreleder velges p\u00e5 s\u00e6rskilt grunnlag. 2 av styre\/varamedlemmer kan ha bakgrunn fra annet fagfelt enn dansekunsten. Funksjonstiden for alle ordin\u00e6re styre- og varamedlemmer er 2 \u00e5r.<\/p>\n<p>\u00a75<\/p>\n<p>STYRETS OPPGAVER<br \/>\nStyret er stiftelsens \u00f8verste organ.<br \/>\nForvaltningen av stiftelsen h\u00f8rer under styret.<br \/>\nStyret skal s\u00f8rge for at stiftelsens form\u00e5l ivaretas.<br \/>\nStyret skal p\u00e5se at regnskap og formuesforvaltning er under betryggende kontroll.<br \/>\nStyret ansetter stiftelsens daglige leder.<br \/>\nStyret utarbeider \u00e5rsrapport som legges fram for \u00e5rsm\u00f8tet.<\/p>\n<p>\u00a76<\/p>\n<p>\u00c5RSM\u00d8TET<br \/>\n\u00c5rsm\u00f8tet best\u00e5r av styret i PRODA og generalforsamlingen i Norske Dansekunstnere.<br \/>\nBrukere av PRODA som ikke er medlemmer av Norske Dansekunstnere har m\u00f8te- og talerett, men ikke stemmerett.<br \/>\n\u00c5rsm\u00f8tet skal ha myndighet til:<br \/>\n\u2013 \u00e5 velge styremedlemmene<br \/>\nSom valgkomite fungerer Norske Dansekunstneres valgkomite etter de<br \/>\nretningslinjer som gjelder n\u00e5r denne fungerer som PRODAs valgkomit\u00e9<br \/>\n\u2013 \u00e5 velge revisor<br \/>\n\u2013 \u00e5 avgi uttalelse om \u00e5rsregnskapet og \u00e5rsrapporten<br \/>\n\u2013 \u00e5 avgi uttalelse til styret i stiftelsen<br \/>\n\u2013 \u00e5 f\u00f8re tilsyn med stiftelsens virksomhet<br \/>\n\u2013 \u00e5 beslutte gransking<\/p>\n<p>\u00a77<\/p>\n<p>VILK\u00c5R FOR OMDANNING, VEDTEKTSENDRING, OPPL\u00d8SNING<br \/>\nB\u00e5de styret og \u00e5rsm\u00f8tet kan foresl\u00e5 omdanning, vedtektsendringer og oppl\u00f8sning.<br \/>\nSlike forslag m\u00e5 v\u00e6re kommet til styret senest seks uker f\u00f8r \u00e5rsm\u00f8tet.<br \/>\nStyret vedtar omdanning, vedtektsendring eller oppl\u00f8sning etter f\u00f8rst \u00e5 ha innhentet \u00e5rsm\u00f8tets uttalelse.<br \/>\nVed oppl\u00f8sning disponeres stiftelsens midler i samr\u00e5d med giver (Kultur- og likestillingsdepartementet)<\/p>\n<p>\u00a78<\/p>\n<p>EKSTRAORDIN\u00c6RT \u00c5RSM\u00d8TE<br \/>\nEkstraordin\u00e6rt \u00e5rsm\u00f8te holdes n\u00e5r :<br \/>\n\u2013 styret finner det n\u00f8dvendig<br \/>\n\u2013 minst tjue av de stemmeberettigede inngir skriftlig krav om det, med forslag til dagsorden<\/p>\n<p>Innkalling skjer med minst to ukers varsel og p\u00e5 samme m\u00e5te som for ordin\u00e6rt \u00e5rsm\u00f8te. Ekstraordin\u00e6rt \u00e5rsm\u00f8te, som er lovlig innkalt i overensstemmelse med stiftelsens vedtekter, er beslutningsdyktig.<br \/>\nEkstraordin\u00e6rt \u00e5rsm\u00f8te behandler kun de saker som er oppf\u00f8rt p\u00e5 dagsorden i innkallingen.<\/p>","protected":false},"excerpt":{"rendered":"<p>VEDTEKTER for Stiftelsen PRODA profesjonell dansetrening Utarbeidet av adv. Kjetil Lund i samarbeid med interimstyret og Norsk Ballettforbund. Vedtatt av Norsk Ballettforbunds storstyre og generalforsamlingen i 1988. Stiftelsen ble opprettet&#8230;<\/p>","protected":false},"author":1,"featured_media":0,"parent":140,"menu_order":0,"comment_status":"closed","ping_status":"closed","template":"","meta":{"_acf_changed":false,"footnotes":""},"class_list":["post-961","page","type-page","status-publish","hentry"],"acf":[],"featured_image_src":null,"_links":{"self":[{"href":"https:\/\/proda.no\/en\/wp-json\/wp\/v2\/pages\/961","targetHints":{"allow":["GET"]}}],"collection":[{"href":"https:\/\/proda.no\/en\/wp-json\/wp\/v2\/pages"}],"about":[{"href":"https:\/\/proda.no\/en\/wp-json\/wp\/v2\/types\/page"}],"author":[{"embeddable":true,"href":"https:\/\/proda.no\/en\/wp-json\/wp\/v2\/users\/1"}],"replies":[{"embeddable":true,"href":"https:\/\/proda.no\/en\/wp-json\/wp\/v2\/comments?post=961"}],"version-history":[{"count":9,"href":"https:\/\/proda.no\/en\/wp-json\/wp\/v2\/pages\/961\/revisions"}],"predecessor-version":[{"id":20261,"href":"https:\/\/proda.no\/en\/wp-json\/wp\/v2\/pages\/961\/revisions\/20261"}],"up":[{"embeddable":true,"href":"https:\/\/proda.no\/en\/wp-json\/wp\/v2\/pages\/140"}],"wp:attachment":[{"href":"https:\/\/proda.no\/en\/wp-json\/wp\/v2\/media?parent=961"}],"curies":[{"name":"wp","href":"https:\/\/api.w.org\/{rel}","templated":true}]}}