{"id":929,"date":"2016-12-07T12:44:25","date_gmt":"2016-12-07T11:44:25","guid":{"rendered":"https:\/\/proda.koding.as\/?page_id=929"},"modified":"2026-02-18T13:09:57","modified_gmt":"2026-02-18T12:09:57","slug":"regionale-avdelinger","status":"publish","type":"page","link":"https:\/\/proda.no\/en\/regionale-avdelinger\/","title":{"rendered":"Regional branches"},"content":{"rendered":"<p>PRODA profesjonell dansetrening ble opprettet av Norske Dansekunstnere i 1988 med aktivitet i Oslo. Siden 1998 har vi hatt aktivitet ved regionale avdelinger utenfor Oslo, i henholdsvis Bergen og Trondheim. Utvidelse av antall regioner har skjedd i tr\u00e5d med utviklingen av dansebransjen nasjonalt, og vi har i 2026 11 regionale avdelinger.\u00a0<\/p>\n<p><img loading=\"lazy\" decoding=\"async\" class=\"size-medium wp-image-18887 alignright\" src=\"https:\/\/proda.no\/wp-content\/uploads\/2025\/03\/Skjermbilde-2025-03-27-kl.-10.36.57-285x300.png\" alt=\"\" width=\"285\" height=\"300\" srcset=\"https:\/\/proda.no\/wp-content\/uploads\/2025\/03\/Skjermbilde-2025-03-27-kl.-10.36.57-285x300.png 285w, https:\/\/proda.no\/wp-content\/uploads\/2025\/03\/Skjermbilde-2025-03-27-kl.-10.36.57-974x1024.png 974w, https:\/\/proda.no\/wp-content\/uploads\/2025\/03\/Skjermbilde-2025-03-27-kl.-10.36.57-768x807.png 768w, https:\/\/proda.no\/wp-content\/uploads\/2025\/03\/Skjermbilde-2025-03-27-kl.-10.36.57-600x631.png 600w, https:\/\/proda.no\/wp-content\/uploads\/2025\/03\/Skjermbilde-2025-03-27-kl.-10.36.57-11x12.png 11w, https:\/\/proda.no\/wp-content\/uploads\/2025\/03\/Skjermbilde-2025-03-27-kl.-10.36.57.png 1012w\" sizes=\"auto, (max-width: 285px) 100vw, 285px\" \/>Faglig milj\u00f8, kontinuerlig trening og kompetanseheving er viktige forutsetninger for \u00e5 kunne bo og virke som danser i hele landet. PRODA skal v\u00e6re en katalysator i regionene og bidra til vekst av faglige milj\u00f8er utenfor Oslo. PRODA fungerer som nasjonal premissleverand\u00f8r av fagtilbud for dansere gjennom \u00e5 fordele midler til form\u00e5let, b\u00e5de til PRODA Oslo og regionale avdelinger ved kompetansesentre for dans og interesseorganisasjoner. Disse har en unik kontakt med lokale milj\u00f8er som er avgj\u00f8rende for \u00e5 ha et relevant og godt forankret fagtilbud. Gjennom avdelingene bidrar vi til at flere kan bo og virke i regionene, noe som igjen bidrar til \u00f8kt sysselsetting og verdiskaping utenfor Oslo. V\u00e5re regionale avdelinger er med \u00e5 etablere n\u00f8dvendige m\u00f8teplasser, nettverk, faglig utvikling og kontinuerlig trening for dansere i hele landet.<\/p>\n\n\n<p class=\"has-medium-font-size\"><strong>Oversikt regionale avdelinger i 2026 og kontaktpersoner<\/strong>:<\/p>\n\n\n\n<p><a href=\"https:\/\/proda.no\/en\/regionale-avdelinger\/proda-agder\/\">AGDER<\/a>: Peder Horgen &#8211; <a href=\"mailto:peder@scenekunstsor.no\">peder@scenekunstsor.no<\/a> <\/p>\n\n\n\n<p><a href=\"https:\/\/proda.no\/en\/regionale-avdelinger\/proda-innlandet\/\">INNLANDET<\/a>: Frida Voorgard &#8211; <a href=\"mailto:frida@dansinn.no\">frida@dansinn.no<\/a><\/p>\n\n\n\n<p><a href=\"https:\/\/proda.no\/en\/regionale-avdelinger\/proda-more-og-romsdal\/\">M\u00d8RE OG ROMSDAL<\/a>: Tendai Makurumbandi &#8211; <a href=\"mailto:tendai@oik.no\">tendai@oik.no<\/a>                                                      <\/p>\n\n\n\n<p><a href=\"https:\/\/proda.no\/en\/regionale-avdelinger\/proda-nord\/\">NORD<\/a>: Karianne Andreassen &#8211; <a href=\"mailto:karianne@fnnd.no\">karianne@fnnd.no<\/a><\/p>\n\n\n\n<p><a href=\"https:\/\/proda.no\/en\/regionale-avdelinger\/proda-nord-trondelag\/\">NORD-TR\u00d8NDELAG<\/a>: Ken Bruun &#8211; <a href=\"mailto:ken@dansitrondelag.no\">ken@dansitrondelag.no<\/a><\/p>\n\n\n\n<p><a href=\"https:\/\/proda.no\/en\/timeplan\/\">OSLO<\/a>: Bodil Hindrum &#8211; <a href=\"mailto:bodil@proda.no\">bodil@proda.no<\/a><\/p>\n\n\n\n<p><a href=\"https:\/\/proda.no\/en\/regionale-avdelinger\/proda-sor-trondelag\/\">S\u00d8R-TR\u00d8NDELAG<\/a>: Tone Tronstad &#8211; <a href=\"mailto:tone@dansit.no\">tone@dansit.no<\/a> \/ Rannei Grenne (vikar v\u00e5r 2026) &#8211; <a href=\"mailto:rannei@dansit.no\">rannei@dansit.no<\/a><\/p>\n\n\n\n<p><a href=\"https:\/\/proda.no\/en\/regionale-avdelinger\/proda-rogaland\/\">ROGALAND<\/a>: Cesilie Kverneland, fagansvarlig &#8211; <a href=\"mailto:proda@dansis.no\">proda@dansis.no<\/a> \/ Therese Markhus og Karen Wathne, regional leder &#8211; <a href=\"mailto:dansis@dansis.no\">dansis@dansis.no<\/a><\/p>\n\n\n\n<p><a href=\"https:\/\/proda.no\/en\/regionale-avdelinger\/proda-vestland\/\">VESTLAND<\/a>: Lisa N\u00f8ttseter &#8211; <a href=\"mailto:lisa@bergen-dansesenter.no\">lisa@bergen-dansesenter.no<\/a> <\/p>\n\n\n\n<p><a href=\"https:\/\/proda.no\/en\/regionale-avdelinger\/proda-ostfold\/\">\u00d8STFOLD<\/a>: Katja Heps\u00f8 &#8211; <a href=\"\/en\/post@dansiostfold.no\/\" data-type=\"link\" data-id=\"post@dansiostfold.no\">post@dansiostfold.no<\/a> <\/p>\n\n\n\n<p>VESTFOLD: Ny region fra 2026 &#8211; mer informasjon kommer<\/p>\n\n\n\n<p><strong>Av PRODAs statstilskudd for 2026 har styret, basert p\u00e5 faglige vurderinger vedtatt \u00e5 bevilge totalt kr. 1.420.000 til regional virksomhet &#8211; dette er en \u00f8kning p\u00e5 kr. 800.000 fra 2025. Region Oslo inng\u00e5r ikke i denne bevilgningen. I tillegg til de direkte overf\u00f8ringen skal PRODA teste ut noen nye konsepter i 2026; Nasjonale turn\u00e9konsepter og reisest\u00f8tte for dansekunstnere, slik at flere kan reise til PRODA-aktivitet p\u00e5 kryss av regioner. Vi h\u00e5per disse to tiltakene vil styrke hele den nasjonale aktiviteten, og gj\u00f8re PRODAs kompetansehevende tilbud mer tilgjengelig for flere dansekunstnere.<\/strong><\/p>\n\n\n\n<p><strong>Se fordelingen her:&nbsp;<\/strong><\/p>\n\n\n\n<p><strong>Oversikt regionale tildelinger 2016-26<\/strong><\/p>\n\n\n\n<div data-wp-interactive=\"core\/file\" class=\"wp-block-file\"><object data-wp-bind--hidden=\"!state.hasPdfPreview\" hidden class=\"wp-block-file__embed\" data=\"https:\/\/proda.no\/wp-content\/uploads\/2026\/02\/Oversikt-regionale-tilskudd-2016-26.pdf\" type=\"application\/pdf\" style=\"width:100%;height:600px\" aria-label=\"Embed of Oversikt regionale tilskudd 2016-26.\"><\/object><a id=\"wp-block-file--media-6b6b2599-b00f-4cf9-a8e9-2f77e3e64c01\" href=\"https:\/\/proda.no\/wp-content\/uploads\/2026\/02\/Oversikt-regionale-tilskudd-2016-26.pdf\">Oversikt regionale tilskudd 2016-26<\/a><a href=\"https:\/\/proda.no\/wp-content\/uploads\/2026\/02\/Oversikt-regionale-tilskudd-2016-26.pdf\" class=\"wp-block-file__button wp-element-button\" download aria-describedby=\"wp-block-file--media-6b6b2599-b00f-4cf9-a8e9-2f77e3e64c01\">Last ned<\/a><\/div>\n\n\n\n<p>\u00c5rlig kan n\u00e5v\u00e6rende og nye regionale dansemilj\u00f8er\/institusjoner s\u00f8ke om tilskudd fra PRODAs statst\u00f8tte til profesjonell dansetrening i sin landsdel. <strong>S\u00f8knadsfrist er 15.desember<\/strong> f\u00f8r s\u00f8knads\u00e5ret. PRODA har per 2026 aktivitet i 11 regionale avdelinger. Det er opprettet egne retningslinjer, s\u00f8knadsskjema og rapporteringsskjema for regional PRODA-virksomhet.<\/p>\n\n\n\n<p><\/p>","protected":false},"excerpt":{"rendered":"<p>PRODA profesjonell dansetrening ble opprettet av Norske Dansekunstnere i 1988 med aktivitet i Oslo. Siden 1998 har vi hatt aktivitet ved regionale avdelinger utenfor Oslo, i henholdsvis Bergen og Trondheim&#8230;.<\/p>","protected":false},"author":1,"featured_media":0,"parent":0,"menu_order":0,"comment_status":"closed","ping_status":"closed","template":"","meta":{"_acf_changed":false,"footnotes":""},"class_list":["post-929","page","type-page","status-publish","hentry"],"acf":[],"featured_image_src":null,"_links":{"self":[{"href":"https:\/\/proda.no\/en\/wp-json\/wp\/v2\/pages\/929","targetHints":{"allow":["GET"]}}],"collection":[{"href":"https:\/\/proda.no\/en\/wp-json\/wp\/v2\/pages"}],"about":[{"href":"https:\/\/proda.no\/en\/wp-json\/wp\/v2\/types\/page"}],"author":[{"embeddable":true,"href":"https:\/\/proda.no\/en\/wp-json\/wp\/v2\/users\/1"}],"replies":[{"embeddable":true,"href":"https:\/\/proda.no\/en\/wp-json\/wp\/v2\/comments?post=929"}],"version-history":[{"count":67,"href":"https:\/\/proda.no\/en\/wp-json\/wp\/v2\/pages\/929\/revisions"}],"predecessor-version":[{"id":21104,"href":"https:\/\/proda.no\/en\/wp-json\/wp\/v2\/pages\/929\/revisions\/21104"}],"wp:attachment":[{"href":"https:\/\/proda.no\/en\/wp-json\/wp\/v2\/media?parent=929"}],"curies":[{"name":"wp","href":"https:\/\/api.w.org\/{rel}","templated":true}]}}