{"id":5772,"date":"2019-06-06T13:51:40","date_gmt":"2019-06-06T11:51:40","guid":{"rendered":"http:\/\/46.101.179.38\/?page_id=5772"},"modified":"2025-11-25T11:21:31","modified_gmt":"2025-11-25T10:21:31","slug":"fagtilbud","status":"publish","type":"page","link":"https:\/\/proda.no\/en\/timeplan\/fagtilbud\/","title":{"rendered":"About the program"},"content":{"rendered":"<hr class=\"wp-block-separator has-css-opacity\"\/>\n\n\n\n<div class=\"wp-block-media-text alignwide is-stacked-on-mobile is-image-fill-element\"><figure class=\"wp-block-media-text__media\"><img loading=\"lazy\" decoding=\"async\" width=\"1024\" height=\"972\" src=\"https:\/\/proda.no\/wp-content\/uploads\/2025\/02\/ProdaJazz-11-1024x972.jpg\" alt=\"\" class=\"wp-image-18778 size-full\" style=\"object-position:50% 50%\" srcset=\"https:\/\/proda.no\/wp-content\/uploads\/2025\/02\/ProdaJazz-11-1024x972.jpg 1024w, https:\/\/proda.no\/wp-content\/uploads\/2025\/02\/ProdaJazz-11-300x285.jpg 300w, https:\/\/proda.no\/wp-content\/uploads\/2025\/02\/ProdaJazz-11-768x729.jpg 768w, https:\/\/proda.no\/wp-content\/uploads\/2025\/02\/ProdaJazz-11-600x569.jpg 600w, https:\/\/proda.no\/wp-content\/uploads\/2025\/02\/ProdaJazz-11-13x12.jpg 13w, https:\/\/proda.no\/wp-content\/uploads\/2025\/02\/ProdaJazz-11.jpg 1054w\" sizes=\"auto, (max-width: 1024px) 100vw, 1024px\" \/><\/figure><div class=\"wp-block-media-text__content\">\n<p class=\"translation-block\">PRODA organizes a daily course offer for professional dance artists, consisting of  classes, workshops, courses and seminars.<\/p>\n\n\n\n<p>Det er daglig fagtilbud i Oslo gjennom hele \u00e5ret, og jevnlige kurstilbud ved de ni regionale avdelingene rundt om i landet.<\/p>\n\n\n\n<p><\/p>\n<\/div><\/div>\n\n\n\n<hr class=\"wp-block-separator has-css-opacity\"\/>\n\n\n\n<p><strong>Dance classes and workshops<\/strong><br>Tilbudet er innenfor en rekke danseuttrykk; ballett, samtidsdans, jazz og ulike street- og klubbdans stiler, og omfatter ogs\u00e5 et bredt spekter innenfor hver av disse sjangrene. I tillegg til ordin\u00e6re danseklasser arrangeres det workshops med aktuelle dansekunstnere. <br><br>P\u00e5 PRODA Oslo arrangerer vi ogs\u00e5 jevnlig klasser der kunstneriske prosesser eller arbeid settes i fokus og omfatter for eksempel <em>in process, repertory<\/em> and <em>choreography<\/em>:<\/p>\n\n\n\n<p>REPERTOAR \u2013 i disse klassene \/ workshopene tilbys det en mulighet til \u00e5 fordype seg i et uttrykk eller sjanger gjennom l\u00e6ring og formidling av repertoar. M\u00e5let er \u00e5 gi brukerne muligheten til \u00e5 jobbe med repertoar med ulikt materiale og i stiler, som de ville gjort i en profesjonell setting. Det skal fokuseres p\u00e5 kvaliteter og forskjellige innganger til materiale som tilbys. Repertoaret vil v\u00e6re fra en forestilling eller noe laget spesielt for anledningen.<\/p>\n\n\n\n<p>KOREOGRAFI \u2013 disse klassene \/ workshopene skal v\u00e6re en deling- og samtaleplattform for koreografisk arbeid og metode. I workshopene skal koreografene dele sine prosesser og metoder og gi rom for samtale, utpr\u00f8ving og mer. Workshopene skal gi b\u00e5de koreografer og PRODA-brukere mulighet for utveksling og samtale.<\/p>\n\n\n\n<p>I PROSESS \u2013 her f\u00e5r brukerne en mulighet til \u00e5 komme n\u00e6rmere inn p\u00e5 de kreative og\/eller performative prosessene som foreg\u00e5r i dansefeltet n\u00e5. Aktuelle, norske ut\u00f8vere eller koreografer inviteres inn tidlig i sine kreative prosesser for \u00e5 dele hvordan og hva de jobber med som koreografiske- eller performative strategier og metoder. <\/p>\n\n\n\n<p><strong>PRODA NETTVERK<\/strong><br>I PRODA NETTVERK henter PRODA Oslo inn aktuelle dansekunstnere og pedagoger fra andre steder i landet, for p\u00e5 den m\u00e5ten skape nettverk og deling av kompetanse p\u00e5 tvers av regioner i landet v\u00e5rt.<br><br><strong>Collaborations<\/strong><br>PRODA er en betydelig bransjeakt\u00f8r og samarbeider med ulike akt\u00f8rer for \u00e5 tilby et bredt fagtilbud i dans og andre relevante kompetanseomr\u00e5der. Vi samarbeider med Skuespiller- og danseralliansen (SKUDA), CODA Oslo International Dance Festival, PRAXIS Oslo, Dansens Hus, Norsk Skuespillersenter og CREO i tillegg til flere danseutdanninger, scenekunstinstitusjoner, dansekompanier og -festivaler.<\/p>\n\n\n\n<p>At the <a href=\"https:\/\/proda.no\/en\/timeplan\/\">timeplanside<\/a> (PRODA Oslo) presenteres b\u00e5de samarbeid, workshops og danseklasser som ett helhetlig program. <\/p>\n\n\n\n<p><br>You can read more about the instructors in Oslo <a href=\"https:\/\/proda.no\/en\/kursholdere\/\">here<\/a>.<\/p>\n\n\n\n<hr class=\"wp-block-separator has-css-opacity\"\/>","protected":false},"excerpt":{"rendered":"<p>PRODA arrangerer et daglig kompetansehevende fagtilbud best\u00e5ende av danseklasser, workshops, kurs og seminarer. M\u00e5let med tilbudet er at dansekunstnere skal kunne ut\u00f8ve og formidle dans av h\u00f8y kvalitet, og at&#8230;<\/p>","protected":false},"author":32,"featured_media":0,"parent":156,"menu_order":0,"comment_status":"closed","ping_status":"closed","template":"","meta":{"_acf_changed":false,"footnotes":""},"class_list":["post-5772","page","type-page","status-publish","hentry"],"acf":[],"featured_image_src":null,"_links":{"self":[{"href":"https:\/\/proda.no\/en\/wp-json\/wp\/v2\/pages\/5772","targetHints":{"allow":["GET"]}}],"collection":[{"href":"https:\/\/proda.no\/en\/wp-json\/wp\/v2\/pages"}],"about":[{"href":"https:\/\/proda.no\/en\/wp-json\/wp\/v2\/types\/page"}],"author":[{"embeddable":true,"href":"https:\/\/proda.no\/en\/wp-json\/wp\/v2\/users\/32"}],"replies":[{"embeddable":true,"href":"https:\/\/proda.no\/en\/wp-json\/wp\/v2\/comments?post=5772"}],"version-history":[{"count":121,"href":"https:\/\/proda.no\/en\/wp-json\/wp\/v2\/pages\/5772\/revisions"}],"predecessor-version":[{"id":20444,"href":"https:\/\/proda.no\/en\/wp-json\/wp\/v2\/pages\/5772\/revisions\/20444"}],"up":[{"embeddable":true,"href":"https:\/\/proda.no\/en\/wp-json\/wp\/v2\/pages\/156"}],"wp:attachment":[{"href":"https:\/\/proda.no\/en\/wp-json\/wp\/v2\/media?parent=5772"}],"curies":[{"name":"wp","href":"https:\/\/api.w.org\/{rel}","templated":true}]}}