{"id":4791,"date":"2018-05-25T18:05:56","date_gmt":"2018-05-25T16:05:56","guid":{"rendered":"http:\/\/46.101.179.38\/?page_id=4791"},"modified":"2025-07-30T11:31:13","modified_gmt":"2025-07-30T09:31:13","slug":"personvernerklaering","status":"publish","type":"page","link":"https:\/\/proda.no\/en\/personvernerklaering\/","title":{"rendered":"Personvernerkl\u00e6ring"},"content":{"rendered":"<p class=\"western\"><span style=\"color: #000000;\">PRODA er en stiftelse med form\u00e5l \u00e5 arrangere et daglig kompetansehevende<\/span><span style=\"color: #000000;\"> fagtilbud for profesjonelle dansekunstnere i Norge, uavhengig av organisasjonsmessig tilknytning. <\/span>Opplysninger om PRODAs brukere registreres i v\u00e5rt brukersystem og i v\u00e5re nyhetsbrev.<\/p>\n<p class=\"western\"><strong>Hvem er behandlingsansvarlig?<br \/>\n<\/strong>PRODA ved daglig leder og regionale kontaktpersoner er behandlingsansvarlige for eksisterende og potensielle brukeres personopplysninger.<\/p>\n<p class=\"western\"><strong>Hva er form\u00e5let?<br \/>\n<\/strong>Form\u00e5let med behandlingen av personopplysningene er \u00e5 kunne ha oversikt over brukermassen, utarbeide statistikk og faktagrunnlag for videre drift av PRODA, samt \u00e5 kunne kontakte brukere om aktuelle nyheter, arrangementer og tilbud. Personopplysninger blir benyttet i markedsf\u00f8ring av egne tilbud og annen relevant aktivitet knyttet til PRODA sin virksomhet. Anonymiserte sammenstillinger av data om brukere blir brukt i \u00e5rlige s\u00f8knader om finansiering, \u00e5rsrapporter og innspill- og h\u00f8ringsuttalelser til myndighetene.<\/p>\n<p class=\"western\"><a name=\"_GoBack\"><\/a><strong>Hvilke personopplysninger behandles?<br \/>\n<\/strong>Hvilke personopplysninger som blir samlet inn avhenger av hvilke form\u00e5l det skal brukes til, og vi samler ikke mer enn n\u00f8dvendig. For \u00e5 kunne behandle en s\u00f8knad om brukeradgang, samles navn, adresse, f\u00f8dselsdato, e-post, CV, vitnem\u00e5l mm inn. Kontaktinformasjonen kan, ved samtykke, brukes til kommunikasjonform\u00e5l for \u00e5 informere om PRODAs tilbud, events mm enten per sms eller e-post.<\/p>\n<p class=\"western\"><strong>Hvor hentes opplysningene fra?<br \/>\n<\/strong>PRODA vil p\u00e5 nettsiden kunne registrere visse opplysninger gjennom s\u00e5kalte cookies (informasjonskapsler). En informasjonskapsel er en tekstfil som ved bes\u00f8k p\u00e5 eller interaksjon med en nettside lagres p\u00e5 din datamaskin.<\/p>\n<p class=\"western\">PRODA benytter informasjonskapslene til \u00e5 generere statistikk og de kan benyttes i forbindelse med markedsf\u00f8ring av PRODAs tilbud. Informasjonskapslene registrerer bruken av hjemmesidene til PRODA, og gir blant annet grunnlag for forbedring og utvikling av disse.<\/p>\n<p class=\"western\">Ved bruk av nettsidene til PRODA registreres i noen tilfeller din IP-adresse (som er en identifikasjon p\u00e5 din datamaskin). Din bruk av hjemmesiden til PRODA kan <i>ikke<\/i> spores tilbake til deg som enkeltperson.<\/p>\n<p class=\"western\"><strong>Er det frivillig \u00e5 gi fra seg opplysningene?<br \/>\n<\/strong>Det er ikke mulig \u00e5 f\u00e5 brukeradgang til PRODA uten et minimum av personopplysninger, begrenset til fullt navn, adresse, telefonnummer, e-post, f\u00f8dselsdato, CV og vitnem\u00e5l mm. Det er derfor ikke frivillig om du \u00f8nsker \u00e5 gi PRODA et minimum av personopplysninger. Man kan dog, velge \u00e5 huke av nei til samtykket i s\u00f8knadsskjemaet &#8211; &laquo;Jeg samtykker i at PRODA kan sende meg informasjon om klasser og workshops.&raquo;.<\/p>\n<p class=\"western\"><strong>Hvem kan se opplysningene dine, og utleveres opplysningene til tredjeparter?<br \/>\n<\/strong>V\u00e5re brukerlister blir kun benyttet til internt bruk, samt at ikke-personidentifiserbare sammenstillinger av dataene blir brukt i s\u00f8knader, rapporter o.l. Thomas Orten er databehandler av v\u00e5re eksisterende og potensielle kunders personopplysninger. Databehandler har taushetsplikt for all informasjon han kommer i kontakt med i forbindelse med innsamling\/lagring av data.<\/p>\n<p class=\"western\"><strong>Vil du slette opplysningene dine?<br \/>\n<\/strong>Vil man endre p\u00e5 opplysningene sine, kan man kontakte behandlingsansvarlige direkte via kontaktinformasjonen p\u00e5 <a href=\"http:\/\/46.101.179.38\/\">www.proda.no<\/a> Dersom du ikke \u00f8nsker \u00e5 motta nyhetsbrev fra PRODA, kan du melde deg ut av v\u00e5r e-postliste via en lenke nederst i e-postene vi sender ut. \u00d8nsker du ikke at dine personopplysninger blir brukt til statistiske form\u00e5l, m\u00e5 du ta direkte kontakt med oss. \u00d8nsker du ikke \u00e5 benytte PRODAs tilbud mer og vil slettes fra v\u00e5rt brukerregister, m\u00e5 du kontakte oss direkte.<\/p>\n<p class=\"western\"><strong>Hvilke rettigheter har du?<br \/>\n<\/strong>Som registrert bruker hos PRODA har du rett til \u00e5 f\u00e5 innsyn i alle personopplysninger vi har om deg. Du har ogs\u00e5 rett til \u00e5 f\u00e5 alle dine personopplysninger slettet, gitt at det ikke strider mot bokf\u00f8ringsloven.<\/p>\n<p class=\"western\"><strong>Hvordan sikres opplysningene?<br \/>\n<\/strong>Dine personopplysninger blir lagret i et oppdatert og passordbeskyttet system, med aktive sikkerhetstiltak. Listene med personopplysninger kan via systemet lastes ned av administrator, til en CSV-fil som midlertidig lagres p\u00e5 en passordbeskyttet datamaskin. N\u00e5r nedlastingen er gjennomf\u00f8rt, og filen er brukt til det statistiske form\u00e5let den skal brukes til, vil filen slettes innen rimelig tid.<\/p>\n<p class=\"western\"><strong>Ansvar<br \/>\n<\/strong>Selv om sikkerhetstiltak tas, kan verken PRODA, databehandler eller medarbeiderne p\u00e5 noen m\u00e5te stilles til direkte eller indirekte ansvar for noen form for skade, lyte eller m\u00e9n som direkte eller indirekte m\u00e5tte v\u00e6re konsekvens av bruk eller misbruk av informasjonen i PRODAs brukerlister.<\/p>\n<p class=\"western\"><strong>Kontaktinformasjon<br \/>\n<\/strong>Behandlingsansvarlige for personopplysninger kan kontaktes ved sp\u00f8rsm\u00e5l knyttet til personopplysninger og andre henvendelser om tjenesten.<\/p>\n<p class=\"western\">Epost: eva@proda.no<br \/>\nTelefon: 99454797<\/p>","protected":false},"excerpt":{"rendered":"<p>PRODA er en stiftelse med form\u00e5l \u00e5 arrangere et daglig kompetansehevende fagtilbud for profesjonelle dansekunstnere i Norge, uavhengig av organisasjonsmessig tilknytning. Opplysninger om PRODAs brukere registreres i v\u00e5rt brukersystem og&#8230;<\/p>","protected":false},"author":1,"featured_media":0,"parent":0,"menu_order":0,"comment_status":"closed","ping_status":"closed","template":"","meta":{"_acf_changed":false,"footnotes":""},"class_list":["post-4791","page","type-page","status-publish","hentry"],"acf":[],"featured_image_src":null,"_links":{"self":[{"href":"https:\/\/proda.no\/en\/wp-json\/wp\/v2\/pages\/4791","targetHints":{"allow":["GET"]}}],"collection":[{"href":"https:\/\/proda.no\/en\/wp-json\/wp\/v2\/pages"}],"about":[{"href":"https:\/\/proda.no\/en\/wp-json\/wp\/v2\/types\/page"}],"author":[{"embeddable":true,"href":"https:\/\/proda.no\/en\/wp-json\/wp\/v2\/users\/1"}],"replies":[{"embeddable":true,"href":"https:\/\/proda.no\/en\/wp-json\/wp\/v2\/comments?post=4791"}],"version-history":[{"count":8,"href":"https:\/\/proda.no\/en\/wp-json\/wp\/v2\/pages\/4791\/revisions"}],"predecessor-version":[{"id":19785,"href":"https:\/\/proda.no\/en\/wp-json\/wp\/v2\/pages\/4791\/revisions\/19785"}],"wp:attachment":[{"href":"https:\/\/proda.no\/en\/wp-json\/wp\/v2\/media?parent=4791"}],"curies":[{"name":"wp","href":"https:\/\/api.w.org\/{rel}","templated":true}]}}