{"id":17360,"date":"2024-04-08T11:01:14","date_gmt":"2024-04-08T09:01:14","guid":{"rendered":"https:\/\/proda.no\/?page_id=17360"},"modified":"2026-01-20T11:16:28","modified_gmt":"2026-01-20T10:16:28","slug":"proda-more-og-romsdal","status":"publish","type":"page","link":"https:\/\/proda.no\/en\/regionale-avdelinger\/proda-more-og-romsdal\/","title":{"rendered":"PRODA M\u00f8re og Romsdal"},"content":{"rendered":"<p><strong>PRODA M\u00f8re og Romsdal administreres av Dansekraft AS<\/strong>, regionalt kompetansesenter for dans som ble etablert i 2024. Regionen er v\u00e5r ferskeste region, med aktivitet fra 2024. M\u00f8re og Romsdal er en stor region, med geografisk stor spredning. Det bor og virker ca. 40 dansekunstnere med en bredde fra klassisk ballett og folklore til samtidsdans og hiphop. Mange kombinerer kunstnerisk praksis med undervisning ved kulturskoler eller private danseskoler, noe som bidrar til et mangfoldig dansemilj\u00f8. Viktige akt\u00f8rer i regionen er Operaen i Kristiansund, Teater V\u00e5rt i Molde og H\u00f8stscena i \u00c5lesund, IN2IT International Dance Festival, Molde Dansefestival og lokale kulturhus. PRODA M\u00f8re og Romsdal er fremdeles en fersk regional avdeling, som utforsker hvordan PRODA aktivitet b\u00f8r tilpasses best regionale forhold og behov.<\/p>\n\n\n\n<p><\/p>\n\n\n\n<div class=\"wp-block-media-text has-media-on-the-right is-stacked-on-mobile\" style=\"grid-template-columns:auto 30%\"><div class=\"wp-block-media-text__content\">\n<p><strong>Kontaktinformasjon: <\/strong><\/p>\n\n\n\n<p><strong>Regional leder: <\/strong>Tendai Makurumbandi<\/p>\n\n\n\n<p><strong>Tlf:<\/strong> 469 59 425 <\/p>\n\n\n\n<p><strong>Mail:<\/strong> <a href=\"mailto:tendai@oik.no\">tendai@oik.no<\/a> <\/p>\n<\/div><figure class=\"wp-block-media-text__media\"><img loading=\"lazy\" decoding=\"async\" width=\"1024\" height=\"1024\" src=\"https:\/\/proda.no\/wp-content\/uploads\/2025\/03\/Photo-by-Aksel-Sandvik-1024x1024.png\" alt=\"\" class=\"wp-image-18949 size-large\" srcset=\"https:\/\/proda.no\/wp-content\/uploads\/2025\/03\/Photo-by-Aksel-Sandvik-1024x1024.png 1024w, https:\/\/proda.no\/wp-content\/uploads\/2025\/03\/Photo-by-Aksel-Sandvik-300x300.png 300w, https:\/\/proda.no\/wp-content\/uploads\/2025\/03\/Photo-by-Aksel-Sandvik-150x150.png 150w, https:\/\/proda.no\/wp-content\/uploads\/2025\/03\/Photo-by-Aksel-Sandvik-768x768.png 768w, https:\/\/proda.no\/wp-content\/uploads\/2025\/03\/Photo-by-Aksel-Sandvik-100x100.png 100w, https:\/\/proda.no\/wp-content\/uploads\/2025\/03\/Photo-by-Aksel-Sandvik-1536x1536.png 1536w, https:\/\/proda.no\/wp-content\/uploads\/2025\/03\/Photo-by-Aksel-Sandvik-2048x2048.png 2048w, https:\/\/proda.no\/wp-content\/uploads\/2025\/03\/Photo-by-Aksel-Sandvik-960x960.png 960w, https:\/\/proda.no\/wp-content\/uploads\/2025\/03\/Photo-by-Aksel-Sandvik-480x480.png 480w, https:\/\/proda.no\/wp-content\/uploads\/2025\/03\/Photo-by-Aksel-Sandvik-52x52.png 52w, https:\/\/proda.no\/wp-content\/uploads\/2025\/03\/Photo-by-Aksel-Sandvik-128x128.png 128w, https:\/\/proda.no\/wp-content\/uploads\/2025\/03\/Photo-by-Aksel-Sandvik-1170x1170.png 1170w, https:\/\/proda.no\/wp-content\/uploads\/2025\/03\/Photo-by-Aksel-Sandvik.png 400w\" sizes=\"auto, (max-width: 1024px) 100vw, 1024px\" \/><\/figure><\/div>\n\n\n\n<p><\/p>\n\n\n\n<p>For mer informasjon og timeplan sjekk ut PRODA M\u00f8re og Romsdal p\u00e5 <a href=\"https:\/\/www.facebook.com\/groups\/732707756922541\" target=\"_blank\" rel=\"noreferrer noopener\">facebook<\/a> eller via deres <a href=\"https:\/\/www.dansekraft.no\/\" target=\"_blank\" rel=\"noreferrer noopener\">nettside<\/a>.<\/p>\n\n\n\n<p>Aktivitet gjennomf\u00f8res flere steder i regionen. <\/p>\n\n\n\n<p>For mer informasjon om Dansekraft AS, sjekk dem ut <a href=\"https:\/\/www.dansekraft.no\/\">her!<\/a><\/p>\n\n\n\n<p><strong>PRODA M\u00f8re og Romsdal program v\u00e5r 2026 &#8211; KOMMER!<\/strong><\/p>\n\n\n\n<p><strong>PRODA M\u00f8re og Romsdal program h\u00f8st 2025<\/strong>:<\/p>\n\n\n\n<figure class=\"wp-block-image size-large\"><img loading=\"lazy\" decoding=\"async\" width=\"1024\" height=\"1024\" src=\"https:\/\/proda.no\/wp-content\/uploads\/2025\/08\/More-og-Romsdal-insta-1024x1024.png\" alt=\"\" class=\"wp-image-19867\" srcset=\"https:\/\/proda.no\/wp-content\/uploads\/2025\/08\/More-og-Romsdal-insta-1024x1024.png 1024w, https:\/\/proda.no\/wp-content\/uploads\/2025\/08\/More-og-Romsdal-insta-300x300.png 300w, https:\/\/proda.no\/wp-content\/uploads\/2025\/08\/More-og-Romsdal-insta-150x150.png 150w, https:\/\/proda.no\/wp-content\/uploads\/2025\/08\/More-og-Romsdal-insta-768x768.png 768w, https:\/\/proda.no\/wp-content\/uploads\/2025\/08\/More-og-Romsdal-insta-100x100.png 100w, https:\/\/proda.no\/wp-content\/uploads\/2025\/08\/More-og-Romsdal-insta-600x600.png 600w, https:\/\/proda.no\/wp-content\/uploads\/2025\/08\/More-og-Romsdal-insta-1536x1536.png 1536w, https:\/\/proda.no\/wp-content\/uploads\/2025\/08\/More-og-Romsdal-insta-2048x2048.png 2048w, https:\/\/proda.no\/wp-content\/uploads\/2025\/08\/More-og-Romsdal-insta-960x960.png 960w, https:\/\/proda.no\/wp-content\/uploads\/2025\/08\/More-og-Romsdal-insta-480x480.png 480w, https:\/\/proda.no\/wp-content\/uploads\/2025\/08\/More-og-Romsdal-insta-52x52.png 52w, https:\/\/proda.no\/wp-content\/uploads\/2025\/08\/More-og-Romsdal-insta-128x128.png 128w, https:\/\/proda.no\/wp-content\/uploads\/2025\/08\/More-og-Romsdal-insta-1170x1170.png 1170w, https:\/\/proda.no\/wp-content\/uploads\/2025\/08\/More-og-Romsdal-insta.png 1080w\" sizes=\"auto, (max-width: 1024px) 100vw, 1024px\" \/><\/figure>\n\n\n\n<p><\/p>\n\n\n\n<figure class=\"wp-block-image size-thumbnail\"><img loading=\"lazy\" decoding=\"async\" width=\"150\" height=\"150\" src=\"https:\/\/proda.no\/wp-content\/uploads\/2025\/03\/DK_Logoikon1-150x150.png\" alt=\"\" class=\"wp-image-18950\" srcset=\"https:\/\/proda.no\/wp-content\/uploads\/2025\/03\/DK_Logoikon1-150x150.png 150w, https:\/\/proda.no\/wp-content\/uploads\/2025\/03\/DK_Logoikon1-300x300.png 300w, https:\/\/proda.no\/wp-content\/uploads\/2025\/03\/DK_Logoikon1-1024x1024.png 1024w, https:\/\/proda.no\/wp-content\/uploads\/2025\/03\/DK_Logoikon1-768x769.png 768w, https:\/\/proda.no\/wp-content\/uploads\/2025\/03\/DK_Logoikon1-100x100.png 100w, https:\/\/proda.no\/wp-content\/uploads\/2025\/03\/DK_Logoikon1-1536x1536.png 1536w, https:\/\/proda.no\/wp-content\/uploads\/2025\/03\/DK_Logoikon1-2048x2048.png 2048w, https:\/\/proda.no\/wp-content\/uploads\/2025\/03\/DK_Logoikon1-960x960.png 960w, https:\/\/proda.no\/wp-content\/uploads\/2025\/03\/DK_Logoikon1-480x480.png 480w, https:\/\/proda.no\/wp-content\/uploads\/2025\/03\/DK_Logoikon1-52x52.png 52w, https:\/\/proda.no\/wp-content\/uploads\/2025\/03\/DK_Logoikon1-128x128.png 128w, https:\/\/proda.no\/wp-content\/uploads\/2025\/03\/DK_Logoikon1-1170x1172.png 1170w, https:\/\/proda.no\/wp-content\/uploads\/2025\/03\/DK_Logoikon1.png 566w\" sizes=\"auto, (max-width: 150px) 100vw, 150px\" \/><\/figure>\n\n\n\n<p><sub>Foto: Aksel Sandvik<\/sub><\/p>","protected":false},"excerpt":{"rendered":"<p>PRODA M\u00f8re og Romsdal administreres av Dansekraft AS, regionalt kompetansesenter for dans som ble etablert i 2024. Regionen er v\u00e5r ferskeste region, med aktivitet fra 2024. M\u00f8re og Romsdal er&#8230;<\/p>","protected":false},"author":15,"featured_media":0,"parent":929,"menu_order":0,"comment_status":"closed","ping_status":"closed","template":"","meta":{"_acf_changed":false,"footnotes":""},"class_list":["post-17360","page","type-page","status-publish","hentry"],"acf":[],"featured_image_src":null,"_links":{"self":[{"href":"https:\/\/proda.no\/en\/wp-json\/wp\/v2\/pages\/17360","targetHints":{"allow":["GET"]}}],"collection":[{"href":"https:\/\/proda.no\/en\/wp-json\/wp\/v2\/pages"}],"about":[{"href":"https:\/\/proda.no\/en\/wp-json\/wp\/v2\/types\/page"}],"author":[{"embeddable":true,"href":"https:\/\/proda.no\/en\/wp-json\/wp\/v2\/users\/15"}],"replies":[{"embeddable":true,"href":"https:\/\/proda.no\/en\/wp-json\/wp\/v2\/comments?post=17360"}],"version-history":[{"count":8,"href":"https:\/\/proda.no\/en\/wp-json\/wp\/v2\/pages\/17360\/revisions"}],"predecessor-version":[{"id":20964,"href":"https:\/\/proda.no\/en\/wp-json\/wp\/v2\/pages\/17360\/revisions\/20964"}],"up":[{"embeddable":true,"href":"https:\/\/proda.no\/en\/wp-json\/wp\/v2\/pages\/929"}],"wp:attachment":[{"href":"https:\/\/proda.no\/en\/wp-json\/wp\/v2\/media?parent=17360"}],"curies":[{"name":"wp","href":"https:\/\/api.w.org\/{rel}","templated":true}]}}