{"id":12875,"date":"2022-10-03T13:43:50","date_gmt":"2022-10-03T11:43:50","guid":{"rendered":"https:\/\/proda.no\/?page_id=12875"},"modified":"2026-01-07T13:34:59","modified_gmt":"2026-01-07T12:34:59","slug":"om-fagprogrammeringen","status":"publish","type":"page","link":"https:\/\/proda.no\/en\/om-fagprogrammeringen\/","title":{"rendered":"About the programming"},"content":{"rendered":"<p><strong>PRODA skal tilby et bredt og relevant fagtilbud som dekker dansekunstnernes behov, og v\u00e6re en samlende arena som dyrker og st\u00f8tter opp under mangfoldet i dansekunsten, iht. til vedtekter og strategiplan. <\/strong><br><br>The board at PRODA distributes funding to regional departments and each of these is responsible for the programming and carrying out the professional offer in each region. For more information, see 'Regional branches' in the main menu.&nbsp;<\/p>\n\n\n\n<p>The course offer must be in line with the users' wishes, feedback and attendance. A varied, high-quality program must be according to the needs and wishes of various user groups and different genres\/subjects. Both continuity and renewal must be ensured.<br><br><strong>The programming in Oslo<\/strong><br>PRODA Oslos fagansvarlig, Bodil Hindrum, har formelt ansvaret for fagprogrammet og fagprogrammeringen gj\u00f8res i n\u00e6r dialog med PRODA Oslos fagutvalg. PRODA Oslos fagtilbud skal i st\u00f8rst mulig grad gj\u00f8res i dialog med feltet og brukerne, slik at vi kan skape et fagtilbud som er i tr\u00e5d med feltets behov og \u00f8nsker. Vi streber etter \u00e5 engasjere kursholdere og et helhetlig fagprogram som gjenspeiler mangfoldet i samfunnet og dansefeltet. Medlemmene av PRODA Oslos fagutvalg, som ogs\u00e5 representerer brukerne gjennom sitt virke i feltet, er derfor en viktig del av arbeidet med programmeringen.<\/p>\n\n\n\n<p>PRODA Oslo plans the program mainly one season at a time (autumn\/spring). Course offers for the next season are set approx. 1-3 months before the start of the season.&nbsp;<\/p>\n\n\n\n<p><span style=\"text-decoration: underline;\">Responsible of the program<\/span><br>Fagansvarlig har det overordnede ansvaret for programmeringen og er ansvarlig for \u00e5 sette det endelige programmet, samt gjennomf\u00f8ring og realiseringen av fagtilbudet ved PRODA Oslo. Programmeringen skal som nevnt over gj\u00f8res i tett dialog med dansefeltet, brukerne av tilbudet og i samarbeid med fagutvalget.&nbsp;<br>Fagansvarlig kan kontaktes p\u00e5 resepsjon@proda.no<\/p>\n\n\n\n<p>Bodil Hindrum ble ansatt som fagansvarlig h\u00f8sten 2025, og startet i stillingen i januar 2026.<\/p>\n\n\n\n<p><span style=\"text-decoration: underline;\">Programming committee<\/span><br>Fagutvalget har tidligere best\u00e5tt kun av dansekunstnere som ogs\u00e5 har hatt funksjon i PRODAs styre som medlemmer av styret eller som vara. Fra og med h\u00f8sten 2024 er dette endret, og minst \u00e9n av plassene i fagutvalget er en av brukene fra feltet. Funksjonstiden er 2 \u00e5r. <br><br>For perioden h\u00f8st 2025-v\u00e5r 2026 er Cassandra Moldenhauer, Sarjo Sankareh og Torill Kolsrud i fagutvalget. Fagutvalget skal representere brukerne gjennom ulike fagomr\u00e5der, komme med forslag og innspill til fagprogrammet p\u00e5 PRODA. <br>The committee cannot themselves teach at PRODA Oslo during the period they sit on the committee.<\/p>\n\n\n\n<p>Du kan lese om PRODA Oslos fagutvalg for 2025 &#8211; 26 <a href=\"https:\/\/proda.no\/en\/fagutvalg-proda-oslo\/\">her.<\/a><br><br><strong>Proposals for the course program<br><\/strong>Vi \u00f8nsker \u00e5 h\u00f8re fra deg, enten du er bruker av tilbudet og har forslag eller tilbakemeldinger, eller du er aktuell kursholder som \u00f8nsker \u00e5 undervise p\u00e5 PRODA.<br>Prat gjerne med oss p\u00e5 Rom for dans, eller send en epost til <a href=\"mailto:bodil@proda.no\" target=\"_blank\" rel=\"noreferrer noopener\">bodil@proda.no<\/a><br>Du kan ogs\u00e5 sende innspill til fagprogrammeringen for PRODA Oslo <a href=\"https:\/\/proda.no\/en\/kontakt\/\">her.<\/a><\/p>\n\n\n\n<p>In addition, there are notes on the notice board at Rom for dans for feedback on course participants and input. Feel free to fill it out and put it in our small mailbox hanging in reception.<\/p>\n\n\n\n<p>For innspill til regioner utenfor Oslo tar du direkte kontakt med den regionale avdelingen.&nbsp;Se oversikt over alle regionale avdelinger <a href=\"https:\/\/proda.no\/en\/regionale-avdelinger\/\">her.<\/a> <\/p>\n\n\n\n<p><\/p>\n\n\n\n<p><strong>Instructors at PRODA<\/strong><br>In accordance with PRODA's purpose and that the subject program should reflect the diversity of the field and the interests of the users, PRODA seeks to ensure both breadth and depth in the course program, as well as a balance between continuity and renewal.<\/p>\n\n\n\n<p>Kursholderne utgj\u00f8r en helt grunnleggende del av PRODAs faglige ressurs og kompetanse. Vi er opptatt av \u00e5 v\u00e6re en attraktiv og god oppdragsgiver, arbeidsplass og samarbeidspart for kunstnere, pedagoger og organisasjoner i feltet. PRODAs form\u00e5l setter likevel fagtilbudets relevans og brukerne i fokus, mer enn \u00e5 v\u00e6re en \u00abfast\u00bb arbeidsplass eller oppdragsgiver. PRODA s\u00f8ker ogs\u00e5 \u00e5rlig om statsst\u00f8tte og drifts-\/kulturtilskudd fra kommuner og fylkeskommuner. Ansettelse ved PRODA profesjonell dansetrening gj\u00f8res i tr\u00e5d med v\u00e5r tariffavtale med Norske Dansekunstnere. Tariffavtalen gjelder for alle regionale avdelinger.<\/p>\n\n\n\n<p>We strive for a dialogue with artists and instructors who are interested in teaching at PRODA. A limited budget and access to studios result in stricter prioritization of instructors for the program than desired. The course program and instructors are anchored in the above and therefore no individual feedback given to course instructors who are not engaged at PRODA. If a complaint\/reaction is received, PRODA's board will assess whether the inquiry from the instructor has been followed up satisfactorily.<\/p>\n\n\n\n<p><\/p>\n\n\n\n<p><br><\/p>","protected":false},"excerpt":{"rendered":"<p>PRODA skal tilby et bredt og relevant fagtilbud som dekker dansekunstnernes behov, og v\u00e6re en samlende arena som dyrker og st\u00f8tter opp under mangfoldet i dansekunsten, iht. til vedtekter og&#8230;<\/p>","protected":false},"author":15,"featured_media":20879,"parent":0,"menu_order":0,"comment_status":"closed","ping_status":"closed","template":"","meta":{"_acf_changed":false,"footnotes":""},"class_list":["post-12875","page","type-page","status-publish","has-post-thumbnail","hentry"],"acf":[],"featured_image_src":"https:\/\/proda.no\/wp-content\/uploads\/2026\/01\/PRODA-Oslos-fagutvalg-og-fagansvarlig.png","_links":{"self":[{"href":"https:\/\/proda.no\/en\/wp-json\/wp\/v2\/pages\/12875","targetHints":{"allow":["GET"]}}],"collection":[{"href":"https:\/\/proda.no\/en\/wp-json\/wp\/v2\/pages"}],"about":[{"href":"https:\/\/proda.no\/en\/wp-json\/wp\/v2\/types\/page"}],"author":[{"embeddable":true,"href":"https:\/\/proda.no\/en\/wp-json\/wp\/v2\/users\/15"}],"replies":[{"embeddable":true,"href":"https:\/\/proda.no\/en\/wp-json\/wp\/v2\/comments?post=12875"}],"version-history":[{"count":16,"href":"https:\/\/proda.no\/en\/wp-json\/wp\/v2\/pages\/12875\/revisions"}],"predecessor-version":[{"id":20890,"href":"https:\/\/proda.no\/en\/wp-json\/wp\/v2\/pages\/12875\/revisions\/20890"}],"wp:featuredmedia":[{"embeddable":true,"href":"https:\/\/proda.no\/en\/wp-json\/wp\/v2\/media\/20879"}],"wp:attachment":[{"href":"https:\/\/proda.no\/en\/wp-json\/wp\/v2\/media?parent=12875"}],"curies":[{"name":"wp","href":"https:\/\/api.w.org\/{rel}","templated":true}]}}