{"id":11714,"date":"2022-05-25T10:27:21","date_gmt":"2022-05-25T08:27:21","guid":{"rendered":"https:\/\/proda.no\/?page_id=11714"},"modified":"2022-09-09T13:05:46","modified_gmt":"2022-09-09T11:05:46","slug":"program-provedans","status":"publish","type":"page","link":"https:\/\/proda.no\/en\/program-provedans\/","title":{"rendered":"Program \u2013 \u00c5pen Pr\u00f8vedans 2022"},"content":{"rendered":"<p>Under h\u00f8stens versjon av \u00c5pen Pr\u00f8vedans har man mulighet til \u00e5 delta p\u00e5 flere ulike m\u00e5ter! P\u00e5 denne siden kan du lese mer om de ulike delene av arrangementet: \u00e5pen m\u00f8teplass, \u00e5pent utforskende rom, og de fire workshopene du kan delta p\u00e5 som koreograf eller ut\u00f8ver.<\/p>\n\n\n\n<p><strong>Workshops \/ store studio:<\/strong><br>Det skal i l\u00f8pet av dagen v\u00e6re fire workshops \u00e1 1,5 timer med ulike koreografer fra samtidsdansfeltet. Som ut\u00f8ver\/skapende melder du deg p\u00e5 \u00e5 delta p\u00e5 to av workshopene og kan ogs\u00e5 vise interesse for \u00e5 delta hele dagen. Eventuelle ekstra workshop-plasser fordeles etter p\u00e5meldingsfristen.<\/p>\n\n\n\n<p>Workshopene ledes av fire koreografer: Daniel Mariblanca, Jo Str\u00f8mgren, Mia Habib og Tony Tran.<\/p>\n\n\n\n<p>I tillegg til de fire koreografene, inviteres koreografer fra dansefeltet til \u00e5 komme og delta gjennom \u00e5 se p\u00e5 workshopene. Det kan ogs\u00e5 v\u00e6re mulig for disse koreografene \u00e5 v\u00e6re \u201cp\u00e5 gulvet\u201d p\u00e5 workshopene.&nbsp;<\/p>\n\n\n\n<p><strong><a href=\"https:\/\/proda.no\/wp-admin\/post.php?post=11714&amp;action=edit#workshops\">Les om workshopene nederst p\u00e5 siden.<\/a><\/strong><\/p>\n\n\n\n<p><strong>\u00c5pen m\u00f8teplass \/ hvitt produksjonsrom:<\/strong><br>Parallelt med workshopene finnes det et \u00e5pent rom og lounge, hvor du kan henge ut og ta en kopp kaffe. Som koreograf kan du m\u00f8te og snakke med ut\u00f8vere, og vice versa. Her kan du ogs\u00e5 t\u00f8ye ut, slappe av, varme opp til neste workshop, osv! <\/p>\n\n\n\n<p>Du kan snakke med ut\u00f8verne som du akkurat traff p\u00e5 en workshop, en koreograf som satt i rommet eller koreografen som ledet workshopen. Det blir ogs\u00e5 en presentasjon av de fire koreografene og andre koreografer som vil presentere seg.<\/p>\n\n\n\n<p><strong>\u00c5pent utforskende rom \/ lille produksjonsrom:<\/strong><br>I dette rommet kan alt skje. Her kan du improvisere alene eller med andre, foresl\u00e5 id\u00e9er, v\u00e6re kreativ, diskutere \u2013 bare fantasien setter grenser!&nbsp;<\/p>\n\n\n\n<p>Hvitt produksjonsrom og lille produksjonsrom vil v\u00e6re \u00e5pne for alle, hele dagen. Du kan komme og g\u00e5 som du vil, enten du er med p\u00e5 workshops eller ikke.<\/p>\n\n\n\n<p class=\"has-text-color\" style=\"color:#e4f577\"><strong><a href=\"https:\/\/proda.no\/en\/pamelding\/\">Trykk her for \u00e5 komme til p\u00e5meldingssiden!<\/a><\/strong><\/p>\n\n\n<div class=\"wp-block-image\">\n<figure class=\"alignleft size-large is-resized\"><img loading=\"lazy\" decoding=\"async\" src=\"https:\/\/proda.no\/wp-content\/uploads\/2022\/06\/A\u030apen-provedans-horisontal-versjon-1024x1024.png\" alt=\"\" class=\"wp-image-11766\" width=\"827\" height=\"827\" srcset=\"https:\/\/proda.no\/wp-content\/uploads\/2022\/06\/A\u030apen-provedans-horisontal-versjon-1024x1024.png 1024w, https:\/\/proda.no\/wp-content\/uploads\/2022\/06\/A\u030apen-provedans-horisontal-versjon-300x300.png 300w, https:\/\/proda.no\/wp-content\/uploads\/2022\/06\/A\u030apen-provedans-horisontal-versjon-150x150.png 150w, https:\/\/proda.no\/wp-content\/uploads\/2022\/06\/A\u030apen-provedans-horisontal-versjon-100x100.png 100w, https:\/\/proda.no\/wp-content\/uploads\/2022\/06\/A\u030apen-provedans-horisontal-versjon-1536x1536.png 1536w, https:\/\/proda.no\/wp-content\/uploads\/2022\/06\/A\u030apen-provedans-horisontal-versjon-2048x2048.png 2048w, https:\/\/proda.no\/wp-content\/uploads\/2022\/06\/A\u030apen-provedans-horisontal-versjon-960x960.png 960w, https:\/\/proda.no\/wp-content\/uploads\/2022\/06\/A\u030apen-provedans-horisontal-versjon-480x480.png 480w, https:\/\/proda.no\/wp-content\/uploads\/2022\/06\/A\u030apen-provedans-horisontal-versjon-52x52.png 52w, https:\/\/proda.no\/wp-content\/uploads\/2022\/06\/A\u030apen-provedans-horisontal-versjon-128x128.png 128w\" sizes=\"auto, (max-width: 827px) 100vw, 827px\" \/><\/figure>\n<\/div>\n\n\n<div style=\"height:10px\" aria-hidden=\"true\" id=\"workshops\" class=\"wp-block-spacer\"><\/div>\n\n\n\n<h2 class=\"wp-block-heading\">Informasjon om workshops<\/h2>\n\n\n<div class=\"wp-block-ub-content-toggle wp-block-ub-content-toggle-block\" id=\"ub-content-toggle-block-704311ce-7dd1-4053-970b-a23b7b94b689\" data-mobilecollapse=\"false\" data-desktopcollapse=\"false\" data-preventcollapse=\"false\" data-showonlyone=\"false\">\n<div class=\"wp-block-ub-content-toggle-accordion\" style=\"border-color: #f1f1f1;\" id=\"ub-content-toggle-panel-block-\">\n\t\t\t<div class=\"wp-block-ub-content-toggle-accordion-title-wrap\" style=\"background-color: #f1f1f1;\" aria-controls=\"ub-content-toggle-panel-0-704311ce-7dd1-4053-970b-a23b7b94b689\" tabindex=\"0\">\n\t\t\t<p class=\"wp-block-ub-content-toggle-accordion-title ub-content-toggle-title-704311ce-7dd1-4053-970b-a23b7b94b689\" style=\"color: #000000; \">Workshop 1: Mia Habib<\/p>\n\t\t\t<div class=\"wp-block-ub-content-toggle-accordion-toggle-wrap right\" style=\"color: #000000;\"><span class=\"wp-block-ub-content-toggle-accordion-state-indicator wp-block-ub-chevron-down open\"><\/span><\/div>\n\t\t<\/div>\n\t\t\t<div role=\"region\" aria-expanded=\"true\" class=\"wp-block-ub-content-toggle-accordion-content-wrap\" id=\"ub-content-toggle-panel-0-704311ce-7dd1-4053-970b-a23b7b94b689\">\n\n<p><strong>Om workshopen<\/strong>: <br>Demon<\/p>\n\n\n\n<p>\u201cMe ska dansa og kanalisera ulike tiders og steders demoner- fra hulemalerier te bakgater. Tunger, \u00f8yner, stemmer, v\u00e6sker, membraner. Workshopen e ei \u00f8ving i demon &#8211; sammen- dansende.\u201d Arbeidet er knyttet til Mia Habibs p\u00e5g\u00e5ende prosjekt How to. A score.<\/p>\n\n\n\n<p><strong>Om Mia Habib:<\/strong><br>Mia Habib er en Oslo-basert danser og koreograf som jobber i skj\u00e6ringspunktet mellom scenekunst, utstillinger, performance, foredrag, undervisning, mentorvirksomhet og kuratering. Arbeidet hennes beskrives som \u00e5 besitte et kulturkritisk perspektiv p\u00e5 kropp, identitet, samfunn og dans. Hun er utdannet koreograf fra Kunsth\u00f8gskolen i Oslo og har en master i konfliktl\u00f8sning og forhandling fra Tel Aviv Universitet.<\/p>\n\n\n\n<p>Hun har et stort internasjonalt nedslagsfelt og forestillingene hennes har blitt co-produsert og vist ved en rekke institusjoner over hele verden, samt ved flere ikke-institusjonelle sammenhenger\u00a0<\/p>\n\n\n\n<p>Mia Habib etablerte Mia Habib Productions (MHP) i 2004 og er st\u00f8ttet av Norsk Kulturr\u00e5d. Habib skaper verk som snakker til v\u00e5r tids st\u00f8rste bekymringer. I l\u00f8pet av de siste 15 \u00e5rene har hennes praksis brakt henne til ulike scenerom, gallerier, protester, private hus, religi\u00f8se rom, squats og konfliktomr\u00e5der \u2013 verden over. Inkludert en installasjon p\u00e5 grensen mellom USA og Mexico, en solo i fjellene i Irak, en helbredende dans i noens stue, til en storskala produksjon med 68 mennesker p\u00e5 en Operascene.<\/p>\n\n<\/div>\n\t\t<\/div>\n<\/div>\n\n<div class=\"wp-block-ub-content-toggle wp-block-ub-content-toggle-block\" id=\"ub-content-toggle-block-0f8a01d4-bacb-40f7-9bfb-651d71648054\" data-mobilecollapse=\"false\" data-desktopcollapse=\"false\" data-preventcollapse=\"false\" data-showonlyone=\"false\">\n<div class=\"wp-block-ub-content-toggle-accordion\" style=\"border-color: #f1f1f1;\" id=\"ub-content-toggle-panel-block-\">\n\t\t\t<div class=\"wp-block-ub-content-toggle-accordion-title-wrap\" style=\"background-color: #f1f1f1;\" aria-controls=\"ub-content-toggle-panel-0-0f8a01d4-bacb-40f7-9bfb-651d71648054\" tabindex=\"0\">\n\t\t\t<p class=\"wp-block-ub-content-toggle-accordion-title ub-content-toggle-title-0f8a01d4-bacb-40f7-9bfb-651d71648054\" style=\"color: #000000; \">Workshop 2: Daniel Mariblanca<\/p>\n\t\t\t<div class=\"wp-block-ub-content-toggle-accordion-toggle-wrap right\" style=\"color: #000000;\"><span class=\"wp-block-ub-content-toggle-accordion-state-indicator wp-block-ub-chevron-down open\"><\/span><\/div>\n\t\t<\/div>\n\t\t\t<div role=\"region\" aria-expanded=\"true\" class=\"wp-block-ub-content-toggle-accordion-content-wrap\" id=\"ub-content-toggle-panel-0-0f8a01d4-bacb-40f7-9bfb-651d71648054\">\n\n<p><strong>Om workshopen:<\/strong><br>The workshop will be based on improvisation with focusing and the senses to wake up the body and activate the imagination.\u00a0 We will begin with a deep listening inside. Then we will start to move with soft qualities to connect with oneself and the others in the room. The idea is to initiate a dance from a place of calm and clarity. I will encourage you to continue your dance following your instinct and desire. The goal is to feel the pleasure to move and generate a space for self discovery and connection.<\/p>\n\n\n\n<p><strong>Om Daniel Mariblanca:<\/strong><br>Daniel Mariblanca was born in Barcelona. He graduated from the l&#8217;Institut del Teatre. He has been a professional dancer for over 15 years. Currently works as a dancer at Carte Blanche since 2016. The same year he created his own company 71BODIES, a transgender inclusive dance performance company, based in Bergen, Norway.<\/p>\n\n<\/div>\n\t\t<\/div>\n<\/div>\n\n<div class=\"wp-block-ub-content-toggle wp-block-ub-content-toggle-block\" id=\"ub-content-toggle-block-7b7fb529-54e4-4f78-9def-23dd58563cf2\" data-mobilecollapse=\"false\" data-desktopcollapse=\"false\" data-preventcollapse=\"false\" data-showonlyone=\"false\">\n<div class=\"wp-block-ub-content-toggle-accordion\" style=\"border-color: #f1f1f1;\" id=\"ub-content-toggle-panel-block-\">\n\t\t\t<div class=\"wp-block-ub-content-toggle-accordion-title-wrap\" style=\"background-color: #f1f1f1;\" aria-controls=\"ub-content-toggle-panel-0-7b7fb529-54e4-4f78-9def-23dd58563cf2\" tabindex=\"0\">\n\t\t\t<p class=\"wp-block-ub-content-toggle-accordion-title ub-content-toggle-title-7b7fb529-54e4-4f78-9def-23dd58563cf2\" style=\"color: #000000; \">Workshop 3: Jo Str\u00f8mgren<\/p>\n\t\t\t<div class=\"wp-block-ub-content-toggle-accordion-toggle-wrap right\" style=\"color: #000000;\"><span class=\"wp-block-ub-content-toggle-accordion-state-indicator wp-block-ub-chevron-down open\"><\/span><\/div>\n\t\t<\/div>\n\t\t\t<div role=\"region\" aria-expanded=\"true\" class=\"wp-block-ub-content-toggle-accordion-content-wrap\" id=\"ub-content-toggle-panel-0-7b7fb529-54e4-4f78-9def-23dd58563cf2\">\n\n<p><strong>Om workshopen:<\/strong><br>Workshopen ledes av Jo Str\u00f8mgren, assistert av kompanidanser Nora L\u00f8nnebotn Svendsg\u00e5rd. Workshopen utfordrer deltakernes kreativitet og personlige grenser. Det sies at man b\u00f8r bevege seg utenfor sin egen komfortsone, men hos oss handler det heller om \u00e5 utvide komfortsonen. Workshopen er fylt av spennende oppgaver, utforskning av bevegelser og spr\u00e5k, samt inspirerende m\u00f8ter mellom deltagerne. Kompaniet s\u00f8rger for trygge og inkluderende rammer.<\/p>\n\n\n\n<p>Jo Str\u00f8mgrens forestillinger, og ikke minst arbeidsmetoder vil danne rammen rundt workshopen. Hovedfokus vil v\u00e6re en utforskning av kroppens bevegelsesmuligheter med vekt p\u00e5 impulser, manipulering og assosiative effekter. Vi vil ogs\u00e5 jobbe med repertoar, samt bygge ut bevegelsessekvenser med ulike musikkutdrag, ogs\u00e5 her med bevissthet p\u00e5 assosiative effekter.<\/p>\n\n\n\n<p><\/p>\n\n\n\n<p><strong>Kort bio:\u00a0<\/strong>Jo Str\u00f8mgren er en allsidig og prisber\u00f8mt koreograf, regiss\u00f8r og dramatiker med over 100 produksjoner p\u00e5 CV\u2019en, b\u00e5de fra inn- og utland. Siden 2013 har han v\u00e6rt tilknyttet Nasjonalballetten p\u00e5 Den Norske Opera og Ballett som huskoreograf. Jo Str\u00f8mgren Kompani (JSK) er en av Norges st\u00f8rste kulturelle eksportartikler, med en turn\u00e9liste som rommer mer enn 60 land. JSKs kunstneriske stil er en unik blanding av dans og teater, store doser humor kombinert med m\u00f8rke, politiske undertoner. Et annet kjennetegn er utforsking av nonsens-spr\u00e5k og leken bruk av fortellerstemme. Forestillingene stiller ofte globale, samtidsrelevante sp\u00f8rsm\u00e5l, men krympes ned til et mikrounivers med en liten gruppe mennesker.\u00a0<\/p>\n\n\n\n<p><\/p>\n\n\n\n<p><strong>Kort bio <\/strong>Nora L\u00f8nnebotn Svendsg\u00e5rd<strong>: <\/strong>Nora  er v\u00e5r yngste danser i kompaniet, men en imponerende bakgrunn. Hun har sin utdannelse fra Royal Swedish Ballet School i moderne dans fra 2019 og har siden v\u00e6rt en del av IT Dansa \u2013 et turnerende ungdomskompani i Barcelona hvor hun jobbet med koreografer som Sidi Larbi Cherkaoui, Akram Khan, Alexander Ekman, Lorena Nogal med flere. Svendsg\u00e5rd ble en del av Jo Str\u00f8mgren Kompani i 2021 og v\u00e6rt medskapende i \u00abLoftet\u00bb og turnert i Europa v\u00e5ren 2022 med samme stykke, samt \u00abSalve Regina\u00bb og \u00abMade in Oslo\u00bb, og h\u00f8sten 2022 med \u00abMinisteriet for Uforl\u00f8ste F\u00f8lelser\u00bb. Svendsg\u00e5rd holder ogs\u00e5 jevnlig workshops i regi av kompaniet.<\/p>\n\n<\/div>\n\t\t<\/div>\n<\/div>\n\n<div class=\"wp-block-ub-content-toggle wp-block-ub-content-toggle-block\" id=\"ub-content-toggle-block-140f1e69-1810-4487-91a0-a22af10c7c32\" data-mobilecollapse=\"false\" data-desktopcollapse=\"false\" data-preventcollapse=\"false\" data-showonlyone=\"false\">\n<div class=\"wp-block-ub-content-toggle-accordion\" style=\"border-color: #f1f1f1;\" id=\"ub-content-toggle-panel-block-\">\n\t\t\t<div class=\"wp-block-ub-content-toggle-accordion-title-wrap\" style=\"background-color: #f1f1f1;\" aria-controls=\"ub-content-toggle-panel-0-140f1e69-1810-4487-91a0-a22af10c7c32\" tabindex=\"0\">\n\t\t\t<p class=\"wp-block-ub-content-toggle-accordion-title ub-content-toggle-title-140f1e69-1810-4487-91a0-a22af10c7c32\" style=\"color: #000000; \">Workshop 4: Tony Tran<\/p>\n\t\t\t<div class=\"wp-block-ub-content-toggle-accordion-toggle-wrap right\" style=\"color: #000000;\"><span class=\"wp-block-ub-content-toggle-accordion-state-indicator wp-block-ub-chevron-down open\"><\/span><\/div>\n\t\t<\/div>\n\t\t\t<div role=\"region\" aria-expanded=\"true\" class=\"wp-block-ub-content-toggle-accordion-content-wrap\" id=\"ub-content-toggle-panel-0-140f1e69-1810-4487-91a0-a22af10c7c32\">\n\n<p><strong>Om workshopen:<br><\/strong>I denne workshopen utforsker vi hvordan maskulinitet og voldelighet utspiller seg i offentlige rom. Workshopen er en del av <em>Fight Club<\/em>, et st\u00f8rre prosjekt hvor jeg utforsker gateslagsm\u00e5l og oppt\u00f8yer som koreografiske rammeverk, hyper-voldelige arenaer hvor seksualitet og aggresjon gir uttrykk for hvordan \u00e5 v\u00e6re mann. Vi vil ta utgangspunkt i \u00e5pne sp\u00f8rsm\u00e5l &#8211; hva er begynnelsen p\u00e5 vold, og hvordan transformeres en kropp av den, b\u00e5de for den som mottar volden og for den som ut\u00f8ver den.<\/p>\n\n\n\n<p><strong>Om Tony Tran:<\/strong><br>Tony Tran er en norsk-vietnamesisk koreograf og danser basert i Oslo, utdannet ved Kunsth\u00f8gskolen i Oslo og Skolen for Moderne Dans i K\u00f8benhavn i 2012. Hans kunstnerskap har fokusert inn p\u00e5 maskuline identiteter og menns forhold til egen kropp og seksualitet, spesielt hvordan maskulinitet kommuniseres som et kroppsspr\u00e5k, og hvordan det \u00e5 v\u00e6re mann er en konstruert identitet med nedarvet vokabular, uttrykk og struktur. Hans arbeid har turnert i Europa, Midt-\u00d8sten, Asia og Nord-Amerika.<\/p>\n\n\n\n<p>Tony mottar arbeidsstipend for yngre\/nyetablerte kunstnere i perioden 2021-23. Han har sittet i utvalget for scenekunst for Fond for lyd og bilde i perioden 2020-22, og fra 2022 fungerer han som r\u00e5dgiver for festivalen Lyse Netter, ansvarlig for programmering av scenekunst.<\/p>\n\n<\/div>\n\t\t<\/div>\n<\/div>\n\n\n<p class=\"has-text-color has-medium-font-size\" style=\"color:#e4f577\"><strong><a href=\"https:\/\/proda.no\/en\/pamelding\/\"><strong><a href=\"https:\/\/proda.no\/en\/pamelding\/\">Trykk her for \u00e5 melde deg p\u00e5 workshops!<\/a><\/strong><\/a><\/strong><\/p>","protected":false},"excerpt":{"rendered":"<p>Under h\u00f8stens versjon av \u00c5pen Pr\u00f8vedans har man mulighet til \u00e5 delta p\u00e5 flere ulike m\u00e5ter! P\u00e5 denne siden kan du lese mer om de ulike delene av arrangementet: \u00e5pen&#8230;<\/p>","protected":false},"author":15,"featured_media":0,"parent":0,"menu_order":1,"comment_status":"closed","ping_status":"closed","template":"","meta":{"_acf_changed":false,"footnotes":""},"class_list":["post-11714","page","type-page","status-publish","hentry"],"acf":[],"featured_image_src":null,"_links":{"self":[{"href":"https:\/\/proda.no\/en\/wp-json\/wp\/v2\/pages\/11714","targetHints":{"allow":["GET"]}}],"collection":[{"href":"https:\/\/proda.no\/en\/wp-json\/wp\/v2\/pages"}],"about":[{"href":"https:\/\/proda.no\/en\/wp-json\/wp\/v2\/types\/page"}],"author":[{"embeddable":true,"href":"https:\/\/proda.no\/en\/wp-json\/wp\/v2\/users\/15"}],"replies":[{"embeddable":true,"href":"https:\/\/proda.no\/en\/wp-json\/wp\/v2\/comments?post=11714"}],"version-history":[{"count":17,"href":"https:\/\/proda.no\/en\/wp-json\/wp\/v2\/pages\/11714\/revisions"}],"predecessor-version":[{"id":12723,"href":"https:\/\/proda.no\/en\/wp-json\/wp\/v2\/pages\/11714\/revisions\/12723"}],"wp:attachment":[{"href":"https:\/\/proda.no\/en\/wp-json\/wp\/v2\/media?parent=11714"}],"curies":[{"name":"wp","href":"https:\/\/api.w.org\/{rel}","templated":true}]}}