{"id":11701,"date":"2022-05-25T10:13:44","date_gmt":"2022-05-25T08:13:44","guid":{"rendered":"https:\/\/proda.no\/?page_id=11701"},"modified":"2022-09-08T12:54:25","modified_gmt":"2022-09-08T10:54:25","slug":"pamelding","status":"publish","type":"page","link":"https:\/\/proda.no\/en\/pamelding\/","title":{"rendered":"P\u00e5melding"},"content":{"rendered":"<p>P\u00c5MELDING STENGT<\/p>\n\n\n\n<p><strong>P\u00e5meldingsfrist:\u00a0<\/strong>2. september 2022<\/p>\n\n\n\n<p>Det er begrenset antall plasser til workshopene og f\u00f8rste til m\u00f8lla. Du vil f\u00e5 tilsendt en bekreftelse p\u00e5 mottatt skjema. Plasser tildeles fortl\u00f8pende. Dersom det er fullt settes du p\u00e5 venteliste. Du er ikke sikret en plass f\u00f8r du har f\u00e5tt bekreftet p\u00e5 dette pr. epost.&nbsp;<\/p>\n\n\n\n<p><strong>Kriterier for deltakelse: <\/strong>Du m\u00e5 ha h\u00f8yere utdanning innen dans, eller tilsvarende. Se adgangskriterier til PRODA for utfyllende info: <a href=\"https:\/\/proda.no\/en\/adgang\/\">https:\/\/proda.no\/adgang<\/a><\/p>\n\n\n\n<p><strong>Reisest\u00f8tte: <\/strong>Flere regionale kompetanse tilbyr reisest\u00f8tte p\u00e5 ulike m\u00e5ter. I p\u00e5meldingen krysser du av for om du er tilreisende og du blir kontaktet om mulig reisest\u00f8tte. <\/p>\n\n\n\n<p><\/p>\n\n\n\n<p><strong>P\u00c5MELDINGSINFORMASJON<\/strong><\/p>\n\n\n\n<p><strong>Til ut\u00f8vere\/skapende dansekunstnere:&nbsp;<\/strong>(OBS: Fullt, p\u00e5melding stengt!)<\/p>\n\n\n\n<p>I p\u00e5meldingsskjemaet krysser du av prioritert rekkef\u00f8lge p\u00e5 workshops du \u00f8nsker \u00e5 delta p\u00e5. Du f\u00e5r tildelt plass p\u00e5 2 workshops. Plasser fordeles etter f\u00f8rste til m\u00f8lla. Det avsettes like mange plasser til \u201cnyutdannede\u201d (ferdig i 2019-2022) og plasser til \u201cetablerte\u201d. Du f\u00e5r en mail etter p\u00e5melding som bekrefter om du har f\u00e5tt plass. Du f\u00e5r eventuelt beskjed dersom det er fullt og du er satt p\u00e5 venteliste.&nbsp;<\/p>\n\n\n\n<p>Dersom det blir fullt eller du ikke \u00f8nsker \u00e5 delta p\u00e5 workshops er du likevel velkommen til \u00e5 komme p\u00e5 \u00c5pen m\u00f8teplass, \u00c5pent utforskende rom og til lunsjen.&nbsp;<\/p>\n\n\n\n<p><strong>Til koreografer:&nbsp;<\/strong>(Flere ledige plasser!)<\/p>\n\n\n\n<p>I p\u00e5meldingsskjemaet krysser du av for hvilke workshops du vil v\u00e6re til stede p\u00e5. Det er \u00f8nskelig at alle er tilstede p\u00e5 arrangementet en halv dag (2 workshops og lunsj\/sosialt treff midt p\u00e5 dagen), men ogs\u00e5 gjerne hele dagen. Hvis du ogs\u00e5 \u00f8nsker \u00e5 v\u00e6re deltakende p\u00e5 en\/flere workshops skriver du dette i p\u00e5meldingen. Kapasiteten til dette er noe begrenset og m\u00e5 forh\u00e5ndsavtales f\u00f8r det kan bekreftes.<\/p>\n\n\n\n<p class=\"has-text-color has-medium-font-size\" style=\"color:#e4f577\"><strong><a href=\"https:\/\/forms.gle\/xDHVV69Mx4SVhTd18\">Lenke til p\u00e5meldingsskjema<\/a><\/strong><\/p>","protected":false},"excerpt":{"rendered":"<p>P\u00c5MELDING STENGT P\u00e5meldingsfrist:\u00a02. september 2022 Det er begrenset antall plasser til workshopene og f\u00f8rste til m\u00f8lla. Du vil f\u00e5 tilsendt en bekreftelse p\u00e5 mottatt skjema. Plasser tildeles fortl\u00f8pende. Dersom det&#8230;<\/p>","protected":false},"author":15,"featured_media":11706,"parent":0,"menu_order":0,"comment_status":"closed","ping_status":"closed","template":"","meta":{"_acf_changed":false,"footnotes":""},"class_list":["post-11701","page","type-page","status-publish","has-post-thumbnail","hentry"],"acf":[],"featured_image_src":"https:\/\/proda.no\/wp-content\/uploads\/2022\/05\/Skjermbilde-2022-05-25-kl.-10.09.18.png","_links":{"self":[{"href":"https:\/\/proda.no\/en\/wp-json\/wp\/v2\/pages\/11701","targetHints":{"allow":["GET"]}}],"collection":[{"href":"https:\/\/proda.no\/en\/wp-json\/wp\/v2\/pages"}],"about":[{"href":"https:\/\/proda.no\/en\/wp-json\/wp\/v2\/types\/page"}],"author":[{"embeddable":true,"href":"https:\/\/proda.no\/en\/wp-json\/wp\/v2\/users\/15"}],"replies":[{"embeddable":true,"href":"https:\/\/proda.no\/en\/wp-json\/wp\/v2\/comments?post=11701"}],"version-history":[{"count":15,"href":"https:\/\/proda.no\/en\/wp-json\/wp\/v2\/pages\/11701\/revisions"}],"predecessor-version":[{"id":12706,"href":"https:\/\/proda.no\/en\/wp-json\/wp\/v2\/pages\/11701\/revisions\/12706"}],"wp:featuredmedia":[{"embeddable":true,"href":"https:\/\/proda.no\/en\/wp-json\/wp\/v2\/media\/11706"}],"wp:attachment":[{"href":"https:\/\/proda.no\/en\/wp-json\/wp\/v2\/media?parent=11701"}],"curies":[{"name":"wp","href":"https:\/\/api.w.org\/{rel}","templated":true}]}}