{"id":1025,"date":"2016-12-07T15:23:02","date_gmt":"2016-12-07T14:23:02","guid":{"rendered":"https:\/\/proda.koding.as\/?page_id=1025"},"modified":"2022-05-10T09:29:22","modified_gmt":"2022-05-10T07:29:22","slug":"information-in-english","status":"publish","type":"page","link":"https:\/\/proda.no\/en\/information-in-english\/","title":{"rendered":"Information in English"},"content":{"rendered":"<p><span style=\"font-size: revert; color: initial; font-family: -apple-system, BlinkMacSystemFont, 'Segoe UI', Roboto, Oxygen-Sans, Ubuntu, Cantarell, 'Helvetica Neue', sans-serif;\"><strong>About PRODA<\/strong><br \/>\nPRODA offers classes for professional dance artists in Norway. The foundation receives public funding, and is a contributor to the development of greater working conditions and overall livelihood for artists across Norway. PRODA is a nationwide foundation, with nine regional branches: Vestlandet, Rogaland, Agder, \u00d8stfold, Innlandet , S\u00f8r-Tr\u00f8ndelag, Nord-Tr\u00f8ndelag, Nord-Norge, and Oslo. The eight regional branches are run by local organisations who receive economic and administrative support from the main office, which is located in Oslo. <\/span><\/p>\n<p><span style=\"font-size: revert; color: initial; font-family: -apple-system, BlinkMacSystemFont, 'Segoe UI', Roboto, Oxygen-Sans, Ubuntu, Cantarell, 'Helvetica Neue', sans-serif;\"><strong>Participants<\/strong><br \/>\nPRODA\u2019s participants consist of freelance dance artists (dancers, teachers, choreographers), with backgrounds from different dance genres. The majority work within the fields of contemporary, jazz and theatre dance. It is important that teachers at PRODA consider the overall group when planning classes and workshops. This is particularly important in classical ballet. Previous participant surveys have shown that classes that classes that were considered to provide transferrable value across dance styles, scored significantly higher. Professional dancers visiting from abroad, or working on projects in Norway, are welcome to attend the classes. See proda.no\/adgang for more information regarding this.<\/span><\/p>\n<p><span style=\"font-size: revert; color: initial; font-family: -apple-system, BlinkMacSystemFont, 'Segoe UI', Roboto, Oxygen-Sans, Ubuntu, Cantarell, 'Helvetica Neue', sans-serif;\"><strong>Different users and course activities<\/strong><br \/>\n<\/span><span style=\"font-size: revert; color: initial; font-family: -apple-system, BlinkMacSystemFont, 'Segoe UI', Roboto, Oxygen-Sans, Ubuntu, Cantarell, 'Helvetica Neue', sans-serif;\">Traditionally, PRODA\u2019s classes have been intended as a warm-up for dancers before they move on to rehearsals, performances, auditions or other jobs in dance. PRODA is also used by dancers in between jobs wishing to maintain their technique or develop their artistry further. Previous surveys show that the dancers prefer practice sharing, rather than the idea of schooling in the teaching. Feedback is of course welcome as a means of sharing perspectives and information about exercises or overall objectives of the class\/workshop. <\/span><\/p>\n<p><span style=\"font-size: revert; color: initial; font-family: -apple-system, BlinkMacSystemFont, 'Segoe UI', Roboto, Oxygen-Sans, Ubuntu, Cantarell, 'Helvetica Neue', sans-serif;\">Since 2018, PRODA\u2019s activities have grown more diverse. Beyond offering classes in different dance styles, workshops have been implemented to incorporate different means of professional development as a dance artists. In Oslo, workshops are cateogrized into three strands: in process, reperto ry and choreography. The workshops aim to deepen skills and explore different mean sof creating and performing dance. Alongside workshops, PRODA regularly collaborate with organisations, festivals and other institutions to offer seminars that cater to oth er aspects of freelancing, such as mental health, appplications and teaching methodologies.<\/span><\/p>\n<p><strong>How to get to PRODA and Rom for Dans:<\/strong><\/p>\n<p><strong>\u00a0<\/strong><\/p>\n<p><img loading=\"lazy\" decoding=\"async\" class=\"alignnone size-medium wp-image-1026\" src=\"http:\/\/46.101.179.38\/wp-content\/uploads\/2016\/12\/proda_kart-300x232.png\" alt=\"\" width=\"300\" height=\"232\" srcset=\"https:\/\/proda.no\/wp-content\/uploads\/2016\/12\/proda_kart-300x232.png 300w, https:\/\/proda.no\/wp-content\/uploads\/2016\/12\/proda_kart.png 484w\" sizes=\"auto, (max-width: 300px) 100vw, 300px\" \/><\/p>\n<p><strong>By metro<br \/>\n<\/strong>No. 5 \u2013 stop: Carl Berners Plass<br \/>\n<strong>By tram<\/strong><br \/>\nNo. 11,12,18 \u2013 stop: Birkelunden<br \/>\nNo. 17 \u2013 stop: Carl Berners Plass<br \/>\n<strong>By bus<\/strong><br \/>\nNo. 20,21 \u2013 stop: K\u00f8benhavngata<br \/>\nNo. 31 \u2013 stop: Carl Berners plass<br \/>\nNo. 30 \u2013 stop: D\u00e6lenenga<\/p>","protected":false},"excerpt":{"rendered":"<p>About PRODA PRODA offers classes for professional dance artists in Norway. The foundation receives public funding, and is a contributor to the development of greater working conditions and overall livelihood&#8230;<\/p>","protected":false},"author":1,"featured_media":0,"parent":0,"menu_order":0,"comment_status":"closed","ping_status":"closed","template":"","meta":{"_acf_changed":false,"footnotes":""},"class_list":["post-1025","page","type-page","status-publish","hentry"],"acf":[],"featured_image_src":null,"_links":{"self":[{"href":"https:\/\/proda.no\/en\/wp-json\/wp\/v2\/pages\/1025","targetHints":{"allow":["GET"]}}],"collection":[{"href":"https:\/\/proda.no\/en\/wp-json\/wp\/v2\/pages"}],"about":[{"href":"https:\/\/proda.no\/en\/wp-json\/wp\/v2\/types\/page"}],"author":[{"embeddable":true,"href":"https:\/\/proda.no\/en\/wp-json\/wp\/v2\/users\/1"}],"replies":[{"embeddable":true,"href":"https:\/\/proda.no\/en\/wp-json\/wp\/v2\/comments?post=1025"}],"version-history":[{"count":6,"href":"https:\/\/proda.no\/en\/wp-json\/wp\/v2\/pages\/1025\/revisions"}],"predecessor-version":[{"id":11621,"href":"https:\/\/proda.no\/en\/wp-json\/wp\/v2\/pages\/1025\/revisions\/11621"}],"wp:attachment":[{"href":"https:\/\/proda.no\/en\/wp-json\/wp\/v2\/media?parent=1025"}],"curies":[{"name":"wp","href":"https:\/\/api.w.org\/{rel}","templated":true}]}}