{"id":1022,"date":"2016-12-07T15:18:02","date_gmt":"2016-12-07T14:18:02","guid":{"rendered":"https:\/\/proda.koding.as\/?page_id=1022"},"modified":"2026-04-08T13:13:19","modified_gmt":"2026-04-08T11:13:19","slug":"proda-ostfold","status":"publish","type":"page","link":"https:\/\/proda.no\/en\/regionale-avdelinger\/proda-ostfold\/","title":{"rendered":"PRODA \u00d8stfold"},"content":{"rendered":"<p><strong>PRODA \u00d8stfold administreres av Dansekunst i \u00d8stfold<\/strong>, regionalt kompetansesenter for dans. Regionen har hatt aktivitet i perioder fra og med 2011. Det er rundt 90 dansekunstnere i regionen, hvor flesteparten bor og virker som dansepedagoger p\u00e5 private danseskoler, kulturskoler og danselinjer p\u00e5 VGS i Fredrikstad, Moss, Halden og Sarpsborg. Det er et \u00f8kende antall ut\u00f8vende dansekunstnere\/ koreografer som bosetter seg i distriktet. Disse arbeider frilans da det ikke finnes faste arbeidsplasser for dansere\/koreografer i distriktet. Viktige oppdragsgivere for frilanserne i distriktet er for eksempel DKS \u00d8stfold, Dansekunst i \u00d8stfold, Opera \u00d8stfold, \u00d8stfold Internasjonale Teater\/\u00d8stfold Dansekompani for Ungdom og NonStop Festivalen.<\/p>\n\n\n<div class=\"wp-block-media-text has-media-on-the-right is-stacked-on-mobile\" style=\"grid-template-columns:auto 30%\"><div class=\"wp-block-media-text__content\">\n<p><strong>Kontaktinformasjon:<\/strong><\/p>\n\n\n\n<p><strong>Regional leder:<\/strong> Katja Heps\u00f8 \/ Carl Andr\u00e9 Johansson<\/p>\n\n\n\n<p><strong>Tlf:<\/strong> 908 58 801<\/p>\n\n\n\n<p><strong>Mail: <\/strong><a href=\"mailto:post@dansiostfold.no\">post@dansiostfold.no<\/a> \/ <a href=\"mailto:carl@dansiostfold.no\" target=\"_blank\" rel=\"noreferrer noopener\">carl@dansiostfold.no<\/a><\/p>\n\n\n\n<p><\/p>\n<\/div><figure class=\"wp-block-media-text__media\"><img loading=\"lazy\" decoding=\"async\" width=\"1024\" height=\"1024\" src=\"https:\/\/proda.no\/wp-content\/uploads\/2025\/03\/Skjermbilde-2025-03-28-kl.-10.24.14-1-1024x1024.png\" alt=\"\" class=\"wp-image-19016 size-full\" srcset=\"https:\/\/proda.no\/wp-content\/uploads\/2025\/03\/Skjermbilde-2025-03-28-kl.-10.24.14-1-1024x1024.png 1024w, https:\/\/proda.no\/wp-content\/uploads\/2025\/03\/Skjermbilde-2025-03-28-kl.-10.24.14-1-300x300.png 300w, https:\/\/proda.no\/wp-content\/uploads\/2025\/03\/Skjermbilde-2025-03-28-kl.-10.24.14-1-150x150.png 150w, https:\/\/proda.no\/wp-content\/uploads\/2025\/03\/Skjermbilde-2025-03-28-kl.-10.24.14-1-100x100.png 100w, https:\/\/proda.no\/wp-content\/uploads\/2025\/03\/Skjermbilde-2025-03-28-kl.-10.24.14-1-1536x1536.png 1536w, https:\/\/proda.no\/wp-content\/uploads\/2025\/03\/Skjermbilde-2025-03-28-kl.-10.24.14-1-2048x2048.png 2048w, https:\/\/proda.no\/wp-content\/uploads\/2025\/03\/Skjermbilde-2025-03-28-kl.-10.24.14-1-960x960.png 960w, https:\/\/proda.no\/wp-content\/uploads\/2025\/03\/Skjermbilde-2025-03-28-kl.-10.24.14-1-480x480.png 480w, https:\/\/proda.no\/wp-content\/uploads\/2025\/03\/Skjermbilde-2025-03-28-kl.-10.24.14-1-52x52.png 52w, https:\/\/proda.no\/wp-content\/uploads\/2025\/03\/Skjermbilde-2025-03-28-kl.-10.24.14-1-128x128.png 128w\" sizes=\"auto, (max-width: 1024px) 100vw, 1024px\" \/><\/figure><\/div>\n\n\n\n<p><\/p>\n\n\n\n<p>For mer informasjon og timeplan sjekk ut PRODA \u00d8stfold p\u00e5 <a href=\"https:\/\/www.facebook.com\/dansiost\" target=\"_blank\" rel=\"noreferrer noopener\">facebook<\/a>, <a href=\"https:\/\/www.instagram.com\/dansiostfold\/\" target=\"_blank\" rel=\"noreferrer noopener\">instagram<\/a> eller via deres <a href=\"https:\/\/www.dansiostfold.no\/proda.html\" target=\"_blank\" rel=\"noreferrer noopener\">nettside<\/a>.<\/p>\n\n\n\n<p>Aktivitet ved PRODA \u00d8stfold gjennomf\u00f8res i Fredrikstad.<\/p>\n\n\n\n<p>For mer informasjon om Dansekunst i \u00d8stfold sjekk dem ut <a href=\"http:\/\/www.dansiostfold.no\" target=\"_blank\" rel=\"noreferrer noopener\">her!<\/a><\/p>\n\n\n\n<figure class=\"wp-block-image size-thumbnail\"><img loading=\"lazy\" decoding=\"async\" width=\"150\" height=\"150\" src=\"https:\/\/proda.no\/wp-content\/uploads\/2025\/03\/Skjermbilde-2025-03-28-kl.-11.22.41-150x150.png\" alt=\"\" class=\"wp-image-19044\" srcset=\"https:\/\/proda.no\/wp-content\/uploads\/2025\/03\/Skjermbilde-2025-03-28-kl.-11.22.41-150x150.png 150w, https:\/\/proda.no\/wp-content\/uploads\/2025\/03\/Skjermbilde-2025-03-28-kl.-11.22.41-300x300.png 300w, https:\/\/proda.no\/wp-content\/uploads\/2025\/03\/Skjermbilde-2025-03-28-kl.-11.22.41-1024x1024.png 1024w, https:\/\/proda.no\/wp-content\/uploads\/2025\/03\/Skjermbilde-2025-03-28-kl.-11.22.41-100x100.png 100w, https:\/\/proda.no\/wp-content\/uploads\/2025\/03\/Skjermbilde-2025-03-28-kl.-11.22.41-1536x1536.png 1536w, https:\/\/proda.no\/wp-content\/uploads\/2025\/03\/Skjermbilde-2025-03-28-kl.-11.22.41-2048x2048.png 2048w, https:\/\/proda.no\/wp-content\/uploads\/2025\/03\/Skjermbilde-2025-03-28-kl.-11.22.41-960x960.png 960w, https:\/\/proda.no\/wp-content\/uploads\/2025\/03\/Skjermbilde-2025-03-28-kl.-11.22.41-480x480.png 480w, https:\/\/proda.no\/wp-content\/uploads\/2025\/03\/Skjermbilde-2025-03-28-kl.-11.22.41-52x52.png 52w, https:\/\/proda.no\/wp-content\/uploads\/2025\/03\/Skjermbilde-2025-03-28-kl.-11.22.41-128x128.png 128w\" sizes=\"auto, (max-width: 150px) 100vw, 150px\" \/><\/figure>\n\n\n\n<p><sub>Foto: Johannes Granseth<\/sub><\/p>","protected":false},"excerpt":{"rendered":"<p>PRODA \u00d8stfold administreres av Dansekunst i \u00d8stfold, regionalt kompetansesenter for dans. Regionen har hatt aktivitet i perioder fra og med 2011. Det er rundt 90 dansekunstnere i regionen, hvor flesteparten&#8230;<\/p>","protected":false},"author":1,"featured_media":0,"parent":929,"menu_order":0,"comment_status":"closed","ping_status":"closed","template":"","meta":{"_acf_changed":false,"footnotes":""},"class_list":["post-1022","page","type-page","status-publish","hentry"],"acf":[],"featured_image_src":null,"_links":{"self":[{"href":"https:\/\/proda.no\/en\/wp-json\/wp\/v2\/pages\/1022","targetHints":{"allow":["GET"]}}],"collection":[{"href":"https:\/\/proda.no\/en\/wp-json\/wp\/v2\/pages"}],"about":[{"href":"https:\/\/proda.no\/en\/wp-json\/wp\/v2\/types\/page"}],"author":[{"embeddable":true,"href":"https:\/\/proda.no\/en\/wp-json\/wp\/v2\/users\/1"}],"replies":[{"embeddable":true,"href":"https:\/\/proda.no\/en\/wp-json\/wp\/v2\/comments?post=1022"}],"version-history":[{"count":11,"href":"https:\/\/proda.no\/en\/wp-json\/wp\/v2\/pages\/1022\/revisions"}],"predecessor-version":[{"id":21235,"href":"https:\/\/proda.no\/en\/wp-json\/wp\/v2\/pages\/1022\/revisions\/21235"}],"up":[{"embeddable":true,"href":"https:\/\/proda.no\/en\/wp-json\/wp\/v2\/pages\/929"}],"wp:attachment":[{"href":"https:\/\/proda.no\/en\/wp-json\/wp\/v2\/media?parent=1022"}],"curies":[{"name":"wp","href":"https:\/\/api.w.org\/{rel}","templated":true}]}}