{"id":1020,"date":"2016-12-07T15:17:28","date_gmt":"2016-12-07T14:17:28","guid":{"rendered":"https:\/\/proda.koding.as\/?page_id=1020"},"modified":"2025-08-12T10:01:26","modified_gmt":"2025-08-12T08:01:26","slug":"proda-agder","status":"publish","type":"page","link":"https:\/\/proda.no\/en\/regionale-avdelinger\/proda-agder\/","title":{"rendered":"PRODA Agder"},"content":{"rendered":"<p><strong>PRODA Agder forvaltes av Scenekunst S\u00f8r<\/strong>, regionalt kompetansesenter for dans. Regionen har v\u00e6rt aktiv siden 2014. Regionen har rundt 70 selvstendige dansere, koreografer og pedagoger som arbeider ved private ballettskoler, kulturskoler og videreg\u00e5ende skoler. De fleste bor i Kristiansand, Grimstad, Arendal og Tvedestrand, og PRODA Agder fokuserer p\u00e5 aktivitet prim\u00e6rt i disse byene, med hovedvekt i Kristiansand. Aktiviteten fordeles over klasser i ukedager og klasser og workshops over helger eller i forbindelse med annen aktivitet, og mye av aktiviteten knyttes til dansekunstnere som allerede er i regionen og jobber med dansekunst i samarbeid med andre akt\u00f8rer i regionen.<\/p>\n\n\n\n<div class=\"wp-block-media-text has-media-on-the-right is-stacked-on-mobile\"><div class=\"wp-block-media-text__content\">\n<p><strong>Kontaktinformasjon: <\/strong><\/p>\n\n\n\n<p><strong>Leder Scenekunst S\u00f8r:<\/strong> Peder Horgen<\/p>\n\n\n\n<p><strong>Tlf:<\/strong> 975 30 197<\/p>\n\n\n\n<p><strong>Mail<\/strong>: <a href=\"Mail: peder@scenekunstsor.no\">peder@scenekunstsor.no<\/a><\/p>\n<\/div><figure class=\"wp-block-media-text__media\"><img loading=\"lazy\" decoding=\"async\" width=\"396\" height=\"205\" src=\"https:\/\/proda.no\/wp-content\/uploads\/2025\/03\/LiggendeutenpayoffsortScenekunstSorlogo.png\" alt=\"\" class=\"wp-image-18900 size-full\" srcset=\"https:\/\/proda.no\/wp-content\/uploads\/2025\/03\/LiggendeutenpayoffsortScenekunstSorlogo.png 396w, https:\/\/proda.no\/wp-content\/uploads\/2025\/03\/LiggendeutenpayoffsortScenekunstSorlogo-300x155.png 300w, https:\/\/proda.no\/wp-content\/uploads\/2025\/03\/LiggendeutenpayoffsortScenekunstSorlogo-18x9.png 18w\" sizes=\"auto, (max-width: 396px) 100vw, 396px\" \/><\/figure><\/div>\n\n\n\n<p><\/p>\n\n\n\n<p>For mer informasjon og timeplan sjekk ut PRODA Agder p\u00e5 <a href=\"https:\/\/www.facebook.com\/PRODA.AVA\" target=\"_blank\" rel=\"noreferrer noopener\">facebook<\/a>, <a href=\"http:\/\/@scenekunstsor\" target=\"_blank\" rel=\"noreferrer noopener\">instagram<\/a> eller via deres <a href=\"https:\/\/www.scenekunstsor.no\/proda-agder\" target=\"_blank\" rel=\"noreferrer noopener\">nettside<\/a>.<\/p>\n\n\n\n<p>Aktivitet ved PRODA Agder gjennomf\u00f8res ved Kraftverk, Kilden, Sharrons dansestudio og andre steder i regionen. <\/p>\n\n\n\n<p>For mer informasjon om Scenekunst S\u00f8r sjekk dem ut <a href=\"http:\/\/www.scenekunstsor.no\" target=\"_blank\" rel=\"noreferrer noopener\">her!<\/a><\/p>\n\n\n\n<figure class=\"wp-block-image\"><img loading=\"lazy\" decoding=\"async\" width=\"396\" height=\"205\" src=\"https:\/\/proda.no\/wp-content\/uploads\/2025\/03\/LiggendeutenpayoffsortScenekunstSorlogo.png\" alt=\"\" class=\"wp-image-18900\" srcset=\"https:\/\/proda.no\/wp-content\/uploads\/2025\/03\/LiggendeutenpayoffsortScenekunstSorlogo.png 396w, https:\/\/proda.no\/wp-content\/uploads\/2025\/03\/LiggendeutenpayoffsortScenekunstSorlogo-300x155.png 300w, https:\/\/proda.no\/wp-content\/uploads\/2025\/03\/LiggendeutenpayoffsortScenekunstSorlogo-18x9.png 18w\" sizes=\"auto, (max-width: 396px) 100vw, 396px\" \/><\/figure>\n\n\n\n<p><\/p>\n\n\n\n<p><sub>Foto: <\/sub><\/p>","protected":false},"excerpt":{"rendered":"<p>PRODA Agder forvaltes av Scenekunst S\u00f8r, regionalt kompetansesenter for dans. Regionen har v\u00e6rt aktiv siden 2014. Regionen har rundt 70 selvstendige dansere, koreografer og pedagoger som arbeider ved private ballettskoler,&#8230;<\/p>","protected":false},"author":1,"featured_media":0,"parent":929,"menu_order":0,"comment_status":"closed","ping_status":"closed","template":"","meta":{"_acf_changed":false,"footnotes":""},"class_list":["post-1020","page","type-page","status-publish","hentry"],"acf":[],"featured_image_src":null,"_links":{"self":[{"href":"https:\/\/proda.no\/en\/wp-json\/wp\/v2\/pages\/1020","targetHints":{"allow":["GET"]}}],"collection":[{"href":"https:\/\/proda.no\/en\/wp-json\/wp\/v2\/pages"}],"about":[{"href":"https:\/\/proda.no\/en\/wp-json\/wp\/v2\/types\/page"}],"author":[{"embeddable":true,"href":"https:\/\/proda.no\/en\/wp-json\/wp\/v2\/users\/1"}],"replies":[{"embeddable":true,"href":"https:\/\/proda.no\/en\/wp-json\/wp\/v2\/comments?post=1020"}],"version-history":[{"count":22,"href":"https:\/\/proda.no\/en\/wp-json\/wp\/v2\/pages\/1020\/revisions"}],"predecessor-version":[{"id":19953,"href":"https:\/\/proda.no\/en\/wp-json\/wp\/v2\/pages\/1020\/revisions\/19953"}],"up":[{"embeddable":true,"href":"https:\/\/proda.no\/en\/wp-json\/wp\/v2\/pages\/929"}],"wp:attachment":[{"href":"https:\/\/proda.no\/en\/wp-json\/wp\/v2\/media?parent=1020"}],"curies":[{"name":"wp","href":"https:\/\/api.w.org\/{rel}","templated":true}]}}