{"id":1017,"date":"2016-12-07T15:17:09","date_gmt":"2016-12-07T14:17:09","guid":{"rendered":"https:\/\/proda.koding.as\/?page_id=1017"},"modified":"2026-01-20T11:15:33","modified_gmt":"2026-01-20T10:15:33","slug":"proda-rogaland","status":"publish","type":"page","link":"https:\/\/proda.no\/en\/regionale-avdelinger\/proda-rogaland\/","title":{"rendered":"PRODA Rogaland"},"content":{"rendered":"<p><strong>PRODA Rogaland administreres av DansiS \u2013 dansekunst i Stavangerregionen<\/strong>, og er en av v\u00e5re eldste regionale avdelinger, med PRODA-tilskudd helt tilbake til 1999. Det er rundt 115 dansekunstnere spredt <img loading=\"lazy\" decoding=\"async\" class=\"size-medium wp-image-18983 alignleft\" src=\"https:\/\/proda.no\/wp-content\/uploads\/2025\/03\/Speilet-300x200.jpg\" alt=\"\" width=\"300\" height=\"200\" srcset=\"https:\/\/proda.no\/wp-content\/uploads\/2025\/03\/Speilet-300x200.jpg 300w, https:\/\/proda.no\/wp-content\/uploads\/2025\/03\/Speilet-1024x683.jpg 1024w, https:\/\/proda.no\/wp-content\/uploads\/2025\/03\/Speilet-768x512.jpg 768w, https:\/\/proda.no\/wp-content\/uploads\/2025\/03\/Speilet-600x400.jpg 600w, https:\/\/proda.no\/wp-content\/uploads\/2025\/03\/Speilet-1536x1024.jpg 1536w, https:\/\/proda.no\/wp-content\/uploads\/2025\/03\/Speilet-18x12.jpg 18w, https:\/\/proda.no\/wp-content\/uploads\/2025\/03\/Speilet-260x174.jpg 260w, https:\/\/proda.no\/wp-content\/uploads\/2025\/03\/Speilet-408x272.jpg 408w, https:\/\/proda.no\/wp-content\/uploads\/2025\/03\/Speilet-840x560.jpg 840w, https:\/\/proda.no\/wp-content\/uploads\/2025\/03\/Speilet-1170x780.jpg 1170w, https:\/\/proda.no\/wp-content\/uploads\/2025\/03\/Speilet.jpg 2048w\" sizes=\"auto, (max-width: 300px) 100vw, 300px\" \/>over hele regionen. Flertallet av disse virker som pedagoger knyttet til UiS, videreg\u00e5ende skoler, kulturskoler, private danseskoler, DKS og Riksteateret. Regionen har en \u00f8kende grad av etablerte dansekompanier, og frilans dansekunstnere som arbeider i ulike konstellasjoner, som virker nasjonalt og internasjonalt. PRODA Rogaland har over flere \u00e5r funnet en organisasjonsform som fungerer godt, med hovedfokus p\u00e5 teknikk-klasser i ballett, jazz og samtidsdans. Klassene gjennomf\u00f8res prim\u00e6rt som helgeworkshop, og tidspunktene er innarbeidet hos de regionalt tilknyttede dansekunstnerne. PRODA-tilbudet komplementerer DansiS sitt \u00f8vrige fag- og kompetansehevende tiltak, hvilket gir dansere i regionen et bredt tilbud.<\/p>\n\n\n<div class=\"wp-block-media-text has-media-on-the-right is-stacked-on-mobile\" style=\"grid-template-columns:auto 28%\"><div class=\"wp-block-media-text__content\">\n<p><\/p>\n\n\n\n<p><strong>Kontaktinformasjon: <\/strong><\/p>\n\n\n\n<p><strong>Regional leder:<\/strong> Karen Wathne og Therese Markhus<\/p>\n\n\n\n<p><strong>Mail:<\/strong> <a href=\"mailto:dansis@dansis.no\">dansis@dansis.no<\/a><\/p>\n\n\n\n<p><strong>Faglig ansvarlig:<\/strong> Cesilie Kverneland<\/p>\n\n\n\n<p><strong>Mail:<\/strong> <a href=\"mailto:proda@dansis.no\">proda@dansis.no<\/a><\/p>\n\n\n\n<p><\/p>\n\n\n\n<p><\/p>\n<\/div><figure class=\"wp-block-media-text__media\"><img loading=\"lazy\" decoding=\"async\" width=\"956\" height=\"1178\" src=\"https:\/\/proda.no\/wp-content\/uploads\/2025\/03\/Skjermbilde-2025-03-28-kl.-09.52.20.png\" alt=\"\" class=\"wp-image-18991 size-full\" srcset=\"https:\/\/proda.no\/wp-content\/uploads\/2025\/03\/Skjermbilde-2025-03-28-kl.-09.52.20.png 956w, https:\/\/proda.no\/wp-content\/uploads\/2025\/03\/Skjermbilde-2025-03-28-kl.-09.52.20-768x946.png 768w, https:\/\/proda.no\/wp-content\/uploads\/2025\/03\/Skjermbilde-2025-03-28-kl.-09.52.20-600x739.png 600w, https:\/\/proda.no\/wp-content\/uploads\/2025\/03\/Skjermbilde-2025-03-28-kl.-09.52.20-1170x1441.png 1170w\" sizes=\"auto, (max-width: 956px) 100vw, 956px\" \/><\/figure><\/div>\n\n\n\n<p><\/p>\n\n\n\n<p>For mer informasjon og timeplan sjekk ut PRODA Rogaland p\u00e5 <a href=\"https:\/\/www.facebook.com\/profile.php?id=100063692452899\" target=\"_blank\" rel=\"noreferrer noopener\">facebook<\/a>, <a href=\"http:\/\/www.instagram.com\/dansis.no\" target=\"_blank\" rel=\"noreferrer noopener\">instagram<\/a> eller via deres <a href=\"https:\/\/www.dansis.no\/?page_id=216\" target=\"_blank\" rel=\"noreferrer noopener\">nettside<\/a>.<\/p>\n\n\n\n<p>PRODA Rogaland har base i Stavanger, men arrangerer ogs\u00e5 klasser i Sandnes og Haugesund<\/p>\n\n\n\n<p>For mer informasjon om DansiS &#8211; dansekunst i Stavangerregionen sjekk dem ut <a href=\"http:\/\/www.dansis.no\" target=\"_blank\" rel=\"noreferrer noopener\">her!<\/a><\/p>\n\n\n\n<figure class=\"wp-block-image size-thumbnail\"><img loading=\"lazy\" decoding=\"async\" width=\"150\" height=\"150\" src=\"https:\/\/proda.no\/wp-content\/uploads\/2025\/03\/DansIS-logo-m-tekst-150x150.jpg\" alt=\"\" class=\"wp-image-18985\" srcset=\"https:\/\/proda.no\/wp-content\/uploads\/2025\/03\/DansIS-logo-m-tekst-150x150.jpg 150w, https:\/\/proda.no\/wp-content\/uploads\/2025\/03\/DansIS-logo-m-tekst-300x300.jpg 300w, https:\/\/proda.no\/wp-content\/uploads\/2025\/03\/DansIS-logo-m-tekst-1024x1024.jpg 1024w, https:\/\/proda.no\/wp-content\/uploads\/2025\/03\/DansIS-logo-m-tekst-100x100.jpg 100w, https:\/\/proda.no\/wp-content\/uploads\/2025\/03\/DansIS-logo-m-tekst-1536x1536.jpg 1536w, https:\/\/proda.no\/wp-content\/uploads\/2025\/03\/DansIS-logo-m-tekst-2048x2048.jpg 2048w, https:\/\/proda.no\/wp-content\/uploads\/2025\/03\/DansIS-logo-m-tekst-960x960.jpg 960w, https:\/\/proda.no\/wp-content\/uploads\/2025\/03\/DansIS-logo-m-tekst-480x480.jpg 480w, https:\/\/proda.no\/wp-content\/uploads\/2025\/03\/DansIS-logo-m-tekst-52x52.jpg 52w, https:\/\/proda.no\/wp-content\/uploads\/2025\/03\/DansIS-logo-m-tekst-128x128.jpg 128w\" sizes=\"auto, (max-width: 150px) 100vw, 150px\" \/><\/figure>\n\n\n\n<p><sub>Foto av Speilet, hvor mange av klassene avholdes. \/ Profilbilde Cesilie Kverneland &#8211; KEYOZDESIGN.COM<\/sub><\/p>","protected":false},"excerpt":{"rendered":"<p>PRODA Rogaland administreres av DansiS \u2013 dansekunst i Stavangerregionen, og er en av v\u00e5re eldste regionale avdelinger, med PRODA-tilskudd helt tilbake til 1999. Det er rundt 115 dansekunstnere spredt over&#8230;<\/p>","protected":false},"author":1,"featured_media":0,"parent":929,"menu_order":0,"comment_status":"closed","ping_status":"closed","template":"","meta":{"_acf_changed":false,"footnotes":""},"class_list":["post-1017","page","type-page","status-publish","hentry"],"acf":[],"featured_image_src":null,"_links":{"self":[{"href":"https:\/\/proda.no\/en\/wp-json\/wp\/v2\/pages\/1017","targetHints":{"allow":["GET"]}}],"collection":[{"href":"https:\/\/proda.no\/en\/wp-json\/wp\/v2\/pages"}],"about":[{"href":"https:\/\/proda.no\/en\/wp-json\/wp\/v2\/types\/page"}],"author":[{"embeddable":true,"href":"https:\/\/proda.no\/en\/wp-json\/wp\/v2\/users\/1"}],"replies":[{"embeddable":true,"href":"https:\/\/proda.no\/en\/wp-json\/wp\/v2\/comments?post=1017"}],"version-history":[{"count":22,"href":"https:\/\/proda.no\/en\/wp-json\/wp\/v2\/pages\/1017\/revisions"}],"predecessor-version":[{"id":20963,"href":"https:\/\/proda.no\/en\/wp-json\/wp\/v2\/pages\/1017\/revisions\/20963"}],"up":[{"embeddable":true,"href":"https:\/\/proda.no\/en\/wp-json\/wp\/v2\/pages\/929"}],"wp:attachment":[{"href":"https:\/\/proda.no\/en\/wp-json\/wp\/v2\/media?parent=1017"}],"curies":[{"name":"wp","href":"https:\/\/api.w.org\/{rel}","templated":true}]}}