{"id":1014,"date":"2016-12-07T15:16:33","date_gmt":"2016-12-07T14:16:33","guid":{"rendered":"https:\/\/proda.koding.as\/?page_id=1014"},"modified":"2026-01-20T11:26:46","modified_gmt":"2026-01-20T10:26:46","slug":"proda-vestland","status":"publish","type":"page","link":"https:\/\/proda.no\/en\/regionale-avdelinger\/proda-vestland\/","title":{"rendered":"PRODA Vestland"},"content":{"rendered":"<p><strong>PRODA Vestland administrere av Bergen Dansesenter (BDS)<\/strong>, regionalt kompetansesenter for dans. Vestland er en av v\u00e5re to eldste regionale avdelinger, og har hatt aktivitet siden 1998. Det er et stort milj\u00f8 for dansekunstnere i regionen, og de fleste aktive dansekunstnerne bor og virker i Bergen, men det er ogs\u00e5 et mindre milj\u00f8 p\u00e5 Stord. Mange dansekunstnere i regionen er pedagoger som arbeider ved videreg\u00e5ende skoler, folkeh\u00f8yskoler og kultur- og ballettskoler. Carte Blanche har 12 fast ansatte dansere. Det er ogs\u00e5 et uavhengig dansekunstfelt i regionen som prim\u00e6rt jobber prosjektbasert b\u00e5de nasjonalt og internasjonalt i ulike konstellasjoner. Tilbudet gjennom \u00e5ret er sv\u00e6rt variert n\u00e5r det gjelder sjanger og form, og det har v\u00e6rt jevnt over godt oppm\u00f8te. PRODA Vestland samarbeider med Carte Blanche om samordning av deres morgenklasser (\u00e5pne for det regionale dansefeltet). Dette samarbeidet er sv\u00e6rt fruktbart, da Carte Blanche er med \u00e5 bidra til et daglig tilbud p\u00e5 kontinuerlig basis, mens PRODA Vestland kan fokusere p\u00e5 \u00e5 gjennomf\u00f8re sitt tilbud i de periodene Carte Blanche ikke har aktivitet. BDS samarbeider tett med flere akt\u00f8rer i regionen som Festival DanseRom, Kode, Skuda, Proscen, BIT Teatergarasjen, MoveArt Bergen og Firda Videreg\u00e5ende skole.<\/p>\n\n\n\n<p><\/p>\n\n\n\n<div class=\"wp-block-media-text has-media-on-the-right is-stacked-on-mobile\" style=\"grid-template-columns:auto 30%\"><div class=\"wp-block-media-text__content\">\n<p><\/p>\n\n\n\n<p><strong>Kontaktinformasjon:<\/strong><\/p>\n\n\n\n<p><strong>Regional leder:<\/strong> Lisa N\u00f8ttseter<\/p>\n\n\n\n<p><strong>Tlf:<\/strong>  55 32 08 66<\/p>\n\n\n\n<p><strong>Mail:<\/strong> <a href=\"mailto:lisa@bergen-dansesenter.no\">lisa@bergen-dansesenter.no<\/a><\/p>\n\n\n\n<p><style>@font-face {font-family:\"Cambria Math\"; panose-1:2 4 5 3 5 4 6 3 2 4; mso-font-charset:0; mso-generic-font-family:roman; mso-font-pitch:variable; mso-font-signature:-536870145 1107305727 0 0 415 0;}@font-face {font-family:Calibri; panose-1:2 15 5 2 2 2 4 3 2 4; mso-font-alt:Calibri; mso-font-charset:0; mso-generic-font-family:swiss; mso-font-pitch:variable; mso-font-signature:-536859905 -1073732485 9 0 511 0;}@font-face {font-family:Aptos; panose-1:2 11 0 4 2 2 2 2 2 4; mso-font-charset:0; mso-generic-font-family:swiss; mso-font-pitch:variable; mso-font-signature:536871559 3 0 0 415 0;}@font-face {font-family:Lato; panose-1:2 15 5 2 2 2 4 3 2 3; mso-font-alt:Lato; mso-font-charset:0; mso-generic-font-family:swiss; mso-font-pitch:variable; mso-font-signature:-520092929 1342237951 33 0 415 0;}p.MsoNormal, li.MsoNormal, div.MsoNormal {mso-style-unhide:no; mso-style-qformat:yes; mso-style-parent:\"\"; margin:0cm; mso-pagination:widow-orphan; font-size:12.0pt; font-family:\"Aptos\",sans-serif; mso-ascii-font-family:Aptos; mso-ascii-theme-font:minor-latin; mso-fareast-font-family:Aptos; mso-fareast-theme-font:minor-latin; mso-hansi-font-family:Aptos; mso-hansi-theme-font:minor-latin; mso-bidi-font-family:\"Times New Roman\"; mso-bidi-theme-font:minor-bidi; mso-font-kerning:1.0pt; mso-ligatures:standardcontextual; mso-fareast-language:EN-US;}.MsoChpDefault {mso-style-type:export-only; mso-default-props:yes; font-family:\"Aptos\",sans-serif; mso-ascii-font-family:Aptos; mso-ascii-theme-font:minor-latin; mso-fareast-font-family:Aptos; mso-fareast-theme-font:minor-latin; mso-hansi-font-family:Aptos; mso-hansi-theme-font:minor-latin; mso-bidi-font-family:\"Times New Roman\"; mso-bidi-theme-font:minor-bidi; mso-fareast-language:EN-US;}div.WordSection1 {page:WordSection1;}<\/style><\/p>\n<\/div><figure class=\"wp-block-media-text__media\"><img loading=\"lazy\" decoding=\"async\" width=\"746\" height=\"1024\" src=\"https:\/\/proda.no\/wp-content\/uploads\/2025\/09\/Skjermbilde-2025-09-17-kl.-10.45.10-746x1024.png\" alt=\"\" class=\"wp-image-20236 size-full\" srcset=\"https:\/\/proda.no\/wp-content\/uploads\/2025\/09\/Skjermbilde-2025-09-17-kl.-10.45.10-746x1024.png 746w, https:\/\/proda.no\/wp-content\/uploads\/2025\/09\/Skjermbilde-2025-09-17-kl.-10.45.10-219x300.png 219w, https:\/\/proda.no\/wp-content\/uploads\/2025\/09\/Skjermbilde-2025-09-17-kl.-10.45.10-768x1054.png 768w, https:\/\/proda.no\/wp-content\/uploads\/2025\/09\/Skjermbilde-2025-09-17-kl.-10.45.10-600x823.png 600w, https:\/\/proda.no\/wp-content\/uploads\/2025\/09\/Skjermbilde-2025-09-17-kl.-10.45.10-9x12.png 9w, https:\/\/proda.no\/wp-content\/uploads\/2025\/09\/Skjermbilde-2025-09-17-kl.-10.45.10.png 956w\" sizes=\"auto, (max-width: 746px) 100vw, 746px\" \/><\/figure><\/div>\n\n\n\n<p><\/p>\n\n\n\n<p>For mer informasjon og timeplan sjekk ut PRODA Vestland p\u00e5 <a href=\"https:\/\/www.facebook.com\/groups\/1957756400930037\/\">facebook<\/a>, <a href=\"https:\/\/www.instagram.com\/bergendansesenter\">instagram<\/a> og via deres <a href=\"https:\/\/bergendansesenter.no\/proda\">nettside<\/a>. <\/p>\n\n\n\n<p><strong>PRODA Vestland program v\u00e5r 2026 kommer<\/strong>:<\/p>\n\n\n\n<p><strong>PRODA Vestland program h\u00f8st 2025<\/strong>:<\/p>\n\n\n\n<figure class=\"wp-block-image size-large\"><img loading=\"lazy\" decoding=\"async\" width=\"1024\" height=\"1024\" src=\"https:\/\/proda.no\/wp-content\/uploads\/2025\/08\/Vestland-insta-1024x1024.png\" alt=\"\" class=\"wp-image-19865\" srcset=\"https:\/\/proda.no\/wp-content\/uploads\/2025\/08\/Vestland-insta-1024x1024.png 1024w, https:\/\/proda.no\/wp-content\/uploads\/2025\/08\/Vestland-insta-300x300.png 300w, https:\/\/proda.no\/wp-content\/uploads\/2025\/08\/Vestland-insta-150x150.png 150w, https:\/\/proda.no\/wp-content\/uploads\/2025\/08\/Vestland-insta-768x768.png 768w, https:\/\/proda.no\/wp-content\/uploads\/2025\/08\/Vestland-insta-100x100.png 100w, https:\/\/proda.no\/wp-content\/uploads\/2025\/08\/Vestland-insta-600x600.png 600w, https:\/\/proda.no\/wp-content\/uploads\/2025\/08\/Vestland-insta-1536x1536.png 1536w, https:\/\/proda.no\/wp-content\/uploads\/2025\/08\/Vestland-insta-2048x2048.png 2048w, https:\/\/proda.no\/wp-content\/uploads\/2025\/08\/Vestland-insta-960x960.png 960w, https:\/\/proda.no\/wp-content\/uploads\/2025\/08\/Vestland-insta-480x480.png 480w, https:\/\/proda.no\/wp-content\/uploads\/2025\/08\/Vestland-insta-52x52.png 52w, https:\/\/proda.no\/wp-content\/uploads\/2025\/08\/Vestland-insta-128x128.png 128w, https:\/\/proda.no\/wp-content\/uploads\/2025\/08\/Vestland-insta-1170x1170.png 1170w, https:\/\/proda.no\/wp-content\/uploads\/2025\/08\/Vestland-insta.png 1080w\" sizes=\"auto, (max-width: 1024px) 100vw, 1024px\" \/><\/figure>\n\n\n\n<figure class=\"wp-block-image size-thumbnail\"><img loading=\"lazy\" decoding=\"async\" width=\"150\" height=\"150\" src=\"https:\/\/proda.no\/wp-content\/uploads\/2025\/03\/Skjermbilde-2025-03-28-kl.-11.19.13-150x150.png\" alt=\"\" class=\"wp-image-19041\" srcset=\"https:\/\/proda.no\/wp-content\/uploads\/2025\/03\/Skjermbilde-2025-03-28-kl.-11.19.13-150x150.png 150w, https:\/\/proda.no\/wp-content\/uploads\/2025\/03\/Skjermbilde-2025-03-28-kl.-11.19.13-300x300.png 300w, https:\/\/proda.no\/wp-content\/uploads\/2025\/03\/Skjermbilde-2025-03-28-kl.-11.19.13-1024x1024.png 1024w, https:\/\/proda.no\/wp-content\/uploads\/2025\/03\/Skjermbilde-2025-03-28-kl.-11.19.13-100x100.png 100w, https:\/\/proda.no\/wp-content\/uploads\/2025\/03\/Skjermbilde-2025-03-28-kl.-11.19.13-1536x1536.png 1536w, https:\/\/proda.no\/wp-content\/uploads\/2025\/03\/Skjermbilde-2025-03-28-kl.-11.19.13-2048x2048.png 2048w, https:\/\/proda.no\/wp-content\/uploads\/2025\/03\/Skjermbilde-2025-03-28-kl.-11.19.13-960x960.png 960w, https:\/\/proda.no\/wp-content\/uploads\/2025\/03\/Skjermbilde-2025-03-28-kl.-11.19.13-480x480.png 480w, https:\/\/proda.no\/wp-content\/uploads\/2025\/03\/Skjermbilde-2025-03-28-kl.-11.19.13-52x52.png 52w, https:\/\/proda.no\/wp-content\/uploads\/2025\/03\/Skjermbilde-2025-03-28-kl.-11.19.13-128x128.png 128w\" sizes=\"auto, (max-width: 150px) 100vw, 150px\" \/><\/figure>\n\n\n\n<p><\/p>\n\n\n\n<p><\/p>","protected":false},"excerpt":{"rendered":"<p>PRODA Vestland administrere av Bergen Dansesenter (BDS), regionalt kompetansesenter for dans. Vestland er en av v\u00e5re to eldste regionale avdelinger, og har hatt aktivitet siden 1998. Det er et stort&#8230;<\/p>","protected":false},"author":1,"featured_media":0,"parent":929,"menu_order":0,"comment_status":"closed","ping_status":"closed","template":"","meta":{"_acf_changed":false,"footnotes":""},"class_list":["post-1014","page","type-page","status-publish","hentry"],"acf":[],"featured_image_src":null,"_links":{"self":[{"href":"https:\/\/proda.no\/en\/wp-json\/wp\/v2\/pages\/1014","targetHints":{"allow":["GET"]}}],"collection":[{"href":"https:\/\/proda.no\/en\/wp-json\/wp\/v2\/pages"}],"about":[{"href":"https:\/\/proda.no\/en\/wp-json\/wp\/v2\/types\/page"}],"author":[{"embeddable":true,"href":"https:\/\/proda.no\/en\/wp-json\/wp\/v2\/users\/1"}],"replies":[{"embeddable":true,"href":"https:\/\/proda.no\/en\/wp-json\/wp\/v2\/comments?post=1014"}],"version-history":[{"count":18,"href":"https:\/\/proda.no\/en\/wp-json\/wp\/v2\/pages\/1014\/revisions"}],"predecessor-version":[{"id":20966,"href":"https:\/\/proda.no\/en\/wp-json\/wp\/v2\/pages\/1014\/revisions\/20966"}],"up":[{"embeddable":true,"href":"https:\/\/proda.no\/en\/wp-json\/wp\/v2\/pages\/929"}],"wp:attachment":[{"href":"https:\/\/proda.no\/en\/wp-json\/wp\/v2\/media?parent=1014"}],"curies":[{"name":"wp","href":"https:\/\/api.w.org\/{rel}","templated":true}]}}