{"id":1011,"date":"2016-12-07T15:15:43","date_gmt":"2016-12-07T14:15:43","guid":{"rendered":"https:\/\/proda.koding.as\/?page_id=1011"},"modified":"2026-01-20T11:43:42","modified_gmt":"2026-01-20T10:43:42","slug":"proda-sor-trondelag","status":"publish","type":"page","link":"https:\/\/proda.no\/en\/regionale-avdelinger\/proda-sor-trondelag\/","title":{"rendered":"PRODA S\u00f8r-Tr\u00f8ndelag"},"content":{"rendered":"<p><strong>PRODA S\u00f8r-Tr\u00f8ndelag administreres av DansiT \u2013 Koreografisk senter<\/strong>, regionalt kompetansesenter for dans. Regionen har hatt aktivitet siden 1998, og er med det en av v\u00e5re to eldste regionale avdelinger. Brukere av PRODA S\u00f8r-Tr\u00f8ndelag er dansekunstnere som bor og virker i Trondheim og Tr\u00f8ndelag, samt gjestende dansekunstnere som er engasjert ved Tr\u00f8ndelag Teater, Nye Hjorten Teater, ulike kompanier\/konstellasjoner og prosjekt i regi av f.eks. DansiT, Rosendal Teater eller DKS. Dansekunstnere som bruker PRODA arbeider ogs\u00e5 ved Danseteatret, Danselaboratoriet, kulturskoler, private ballettskoler, grunnskoler, SFO, folkeh\u00f8yskoler, VGS og NTNU. PRODA S\u00f8r-Tr\u00f8ndelag har over tid funnet en god organisasjonsform, og aktiviteten er stabil gjennom \u00e5ret, med hovedsakelig, faste klasser p\u00e5 fredager.<\/p>\n\n\n<div class=\"wp-block-media-text has-media-on-the-right is-stacked-on-mobile\" style=\"grid-template-columns:auto 28%\"><div class=\"wp-block-media-text__content\">\n<p><strong>Kontaktinformasjon: <\/strong><\/p>\n\n\n\n<p><strong>Regional leder:<\/strong> Tone Tronstad \/ Rannei Grenne (vikar 2026)<\/p>\n\n\n\n<p><strong>Tlf:<\/strong> 405 48 061<\/p>\n\n\n\n<p><strong>Mail:<\/strong> &nbsp;<a href=\"mailto:tone@dansit.no\" target=\"_blank\" rel=\"noreferrer noopener\">tone@dansit.no<\/a> \/ <a href=\"mailto:rannei@dansit.no\" target=\"_blank\" rel=\"noreferrer noopener\">rannei@dansit.no<\/a><\/p>\n<\/div><figure class=\"wp-block-media-text__media\"><img loading=\"lazy\" decoding=\"async\" width=\"854\" height=\"1180\" src=\"https:\/\/proda.no\/wp-content\/uploads\/2025\/03\/Skjermbilde-2025-03-28-kl.-09.57.47.png\" alt=\"\" class=\"wp-image-18997 size-full\" srcset=\"https:\/\/proda.no\/wp-content\/uploads\/2025\/03\/Skjermbilde-2025-03-28-kl.-09.57.47.png 854w, https:\/\/proda.no\/wp-content\/uploads\/2025\/03\/Skjermbilde-2025-03-28-kl.-09.57.47-768x1061.png 768w, https:\/\/proda.no\/wp-content\/uploads\/2025\/03\/Skjermbilde-2025-03-28-kl.-09.57.47-600x829.png 600w, https:\/\/proda.no\/wp-content\/uploads\/2025\/03\/Skjermbilde-2025-03-28-kl.-09.57.47-1170x1616.png 1170w\" sizes=\"auto, (max-width: 854px) 100vw, 854px\" \/><\/figure><\/div>\n\n\n\n<p><\/p>\n\n\n\n<p>For mer informasjon og timeplan sjekk ut PRODA S\u00f8r-Tr\u00f8ndelag p\u00e5 <a href=\"https:\/\/www.facebook.com\/dansitkoreografisksenter\" target=\"_blank\" rel=\"noreferrer noopener\">facebook<\/a>, <a href=\"https:\/\/www.instagram.com\/dansit_koreografisk_senter?utm_source=ig_web_button_share_sheet&amp;igsh=ZDNlZDc0MzIxNw%3D%3D\" target=\"_blank\" rel=\"noreferrer noopener\">instagram<\/a> eller via deres <a href=\"https:\/\/dansit.no\/events\/proda\/\" target=\"_blank\" rel=\"noreferrer noopener\">nettside<\/a>.<\/p>\n\n\n\n<p>Aktivitet ved PRODA S\u00f8r-Tr\u00f8ndelag gjennomf\u00f8res i DansiTs lokaler p\u00e5 Svartlamon.<\/p>\n\n\n\n<p>For mer informasjon om DansiT &#8211; Koreografisk senter sjekk dem ut <a href=\"https:\/\/dansit.no\/\" target=\"_blank\" rel=\"noreferrer noopener\">her!<\/a><\/p>\n\n\n\n<p><\/p>\n\n\n\n<p><strong>PRODA <strong>S\u00f8r-Tr\u00f8ndelag<\/strong> program v\u00e5r 2026 &#8211; KOMMER!<\/strong><\/p>\n\n\n\n<p><strong>PRODA S\u00f8r-Tr\u00f8ndelag program h\u00f8st 2025<\/strong>:<\/p>\n\n\n\n<figure class=\"wp-block-image size-large\"><img loading=\"lazy\" decoding=\"async\" width=\"1024\" height=\"1024\" src=\"https:\/\/proda.no\/wp-content\/uploads\/2025\/08\/Sor-Trondelag-Instainnlegg-1024x1024.png\" alt=\"\" class=\"wp-image-19912\" srcset=\"https:\/\/proda.no\/wp-content\/uploads\/2025\/08\/Sor-Trondelag-Instainnlegg-1024x1024.png 1024w, https:\/\/proda.no\/wp-content\/uploads\/2025\/08\/Sor-Trondelag-Instainnlegg-300x300.png 300w, https:\/\/proda.no\/wp-content\/uploads\/2025\/08\/Sor-Trondelag-Instainnlegg-150x150.png 150w, https:\/\/proda.no\/wp-content\/uploads\/2025\/08\/Sor-Trondelag-Instainnlegg-768x768.png 768w, https:\/\/proda.no\/wp-content\/uploads\/2025\/08\/Sor-Trondelag-Instainnlegg-100x100.png 100w, https:\/\/proda.no\/wp-content\/uploads\/2025\/08\/Sor-Trondelag-Instainnlegg-600x600.png 600w, https:\/\/proda.no\/wp-content\/uploads\/2025\/08\/Sor-Trondelag-Instainnlegg-1536x1536.png 1536w, https:\/\/proda.no\/wp-content\/uploads\/2025\/08\/Sor-Trondelag-Instainnlegg-2048x2048.png 2048w, https:\/\/proda.no\/wp-content\/uploads\/2025\/08\/Sor-Trondelag-Instainnlegg-960x960.png 960w, https:\/\/proda.no\/wp-content\/uploads\/2025\/08\/Sor-Trondelag-Instainnlegg-480x480.png 480w, https:\/\/proda.no\/wp-content\/uploads\/2025\/08\/Sor-Trondelag-Instainnlegg-52x52.png 52w, https:\/\/proda.no\/wp-content\/uploads\/2025\/08\/Sor-Trondelag-Instainnlegg-128x128.png 128w, https:\/\/proda.no\/wp-content\/uploads\/2025\/08\/Sor-Trondelag-Instainnlegg-1170x1170.png 1170w, https:\/\/proda.no\/wp-content\/uploads\/2025\/08\/Sor-Trondelag-Instainnlegg.png 1080w\" sizes=\"auto, (max-width: 1024px) 100vw, 1024px\" \/><\/figure>\n\n\n\n<p><\/p>\n\n\n\n<figure class=\"wp-block-image size-thumbnail\"><img loading=\"lazy\" decoding=\"async\" width=\"150\" height=\"150\" src=\"https:\/\/proda.no\/wp-content\/uploads\/2025\/03\/DansiT_shv-negativ-150x150.jpg\" alt=\"\" class=\"wp-image-18999\" srcset=\"https:\/\/proda.no\/wp-content\/uploads\/2025\/03\/DansiT_shv-negativ-150x150.jpg 150w, https:\/\/proda.no\/wp-content\/uploads\/2025\/03\/DansiT_shv-negativ-300x300.jpg 300w, https:\/\/proda.no\/wp-content\/uploads\/2025\/03\/DansiT_shv-negativ-1024x1024.jpg 1024w, https:\/\/proda.no\/wp-content\/uploads\/2025\/03\/DansiT_shv-negativ-100x100.jpg 100w, https:\/\/proda.no\/wp-content\/uploads\/2025\/03\/DansiT_shv-negativ-1536x1536.jpg 1536w, https:\/\/proda.no\/wp-content\/uploads\/2025\/03\/DansiT_shv-negativ-2048x2048.jpg 2048w, https:\/\/proda.no\/wp-content\/uploads\/2025\/03\/DansiT_shv-negativ-960x960.jpg 960w, https:\/\/proda.no\/wp-content\/uploads\/2025\/03\/DansiT_shv-negativ-480x480.jpg 480w, https:\/\/proda.no\/wp-content\/uploads\/2025\/03\/DansiT_shv-negativ-52x52.jpg 52w, https:\/\/proda.no\/wp-content\/uploads\/2025\/03\/DansiT_shv-negativ-128x128.jpg 128w\" sizes=\"auto, (max-width: 150px) 100vw, 150px\" \/><\/figure>\n\n\n\n<p><sub>Foto: Atle Auran<\/sub><\/p>\n\n\n\n<p><\/p>","protected":false},"excerpt":{"rendered":"<p>PRODA S\u00f8r-Tr\u00f8ndelag administreres av DansiT \u2013 Koreografisk senter, regionalt kompetansesenter for dans. Regionen har hatt aktivitet siden 1998, og er med det en av v\u00e5re to eldste regionale avdelinger. Brukere&#8230;<\/p>","protected":false},"author":1,"featured_media":0,"parent":929,"menu_order":0,"comment_status":"closed","ping_status":"closed","template":"","meta":{"_acf_changed":false,"footnotes":""},"class_list":["post-1011","page","type-page","status-publish","hentry"],"acf":[],"featured_image_src":null,"_links":{"self":[{"href":"https:\/\/proda.no\/en\/wp-json\/wp\/v2\/pages\/1011","targetHints":{"allow":["GET"]}}],"collection":[{"href":"https:\/\/proda.no\/en\/wp-json\/wp\/v2\/pages"}],"about":[{"href":"https:\/\/proda.no\/en\/wp-json\/wp\/v2\/types\/page"}],"author":[{"embeddable":true,"href":"https:\/\/proda.no\/en\/wp-json\/wp\/v2\/users\/1"}],"replies":[{"embeddable":true,"href":"https:\/\/proda.no\/en\/wp-json\/wp\/v2\/comments?post=1011"}],"version-history":[{"count":28,"href":"https:\/\/proda.no\/en\/wp-json\/wp\/v2\/pages\/1011\/revisions"}],"predecessor-version":[{"id":20969,"href":"https:\/\/proda.no\/en\/wp-json\/wp\/v2\/pages\/1011\/revisions\/20969"}],"up":[{"embeddable":true,"href":"https:\/\/proda.no\/en\/wp-json\/wp\/v2\/pages\/929"}],"wp:attachment":[{"href":"https:\/\/proda.no\/en\/wp-json\/wp\/v2\/media?parent=1011"}],"curies":[{"name":"wp","href":"https:\/\/api.w.org\/{rel}","templated":true}]}}