{"id":1008,"date":"2016-12-07T15:14:48","date_gmt":"2016-12-07T14:14:48","guid":{"rendered":"https:\/\/proda.koding.as\/?page_id=1008"},"modified":"2025-03-28T11:20:34","modified_gmt":"2025-03-28T10:20:34","slug":"proda-nord-trondelag","status":"publish","type":"page","link":"https:\/\/proda.no\/en\/regionale-avdelinger\/proda-nord-trondelag\/","title":{"rendered":"PRODA Nord-Tr\u00f8ndelag"},"content":{"rendered":"<p><strong>PRODA Nord-Tr\u00f8ndelag administreres av Dans i Tr\u00f8ndelag<\/strong>, regionalt kompetansesenter for dans. Regionen har hatt aktivitet siden 2006. Rundt 30 dansere og pedagoger bor og virker i Nord-Tr\u00f8ndelag. De fleste i dansemilj\u00f8et er knyttet til tre videreg\u00e5ende skoler med programfag dans og syv kulturskoler <img loading=\"lazy\" decoding=\"async\" class=\"size-medium wp-image-18970 alignleft\" src=\"https:\/\/proda.no\/wp-content\/uploads\/2025\/03\/PRODA_NT-300x188.jpeg\" alt=\"\" width=\"300\" height=\"188\" srcset=\"https:\/\/proda.no\/wp-content\/uploads\/2025\/03\/PRODA_NT-300x188.jpeg 300w, https:\/\/proda.no\/wp-content\/uploads\/2025\/03\/PRODA_NT-1024x643.jpeg 1024w, https:\/\/proda.no\/wp-content\/uploads\/2025\/03\/PRODA_NT-768x482.jpeg 768w, https:\/\/proda.no\/wp-content\/uploads\/2025\/03\/PRODA_NT-600x377.jpeg 600w, https:\/\/proda.no\/wp-content\/uploads\/2025\/03\/PRODA_NT-1536x964.jpeg 1536w, https:\/\/proda.no\/wp-content\/uploads\/2025\/03\/PRODA_NT-2048x1286.jpeg 2048w, https:\/\/proda.no\/wp-content\/uploads\/2025\/03\/PRODA_NT-18x12.jpeg 18w, https:\/\/proda.no\/wp-content\/uploads\/2025\/03\/PRODA_NT-1170x735.jpeg 1170w\" sizes=\"auto, (max-width: 300px) 100vw, 300px\" \/>med dans. Enkelte dansekunstnere er knyttet opp til private danseskoler, Nord universitet og Nasjonalt kompetansesenter for kultur, helse og omsorg, samt skuespillerutdanningen p\u00e5 Verdal. Fagtilbudet benyttes ogs\u00e5 av frilans dansekunstnere som har sine r\u00f8tter i Tr\u00f8ndelag og som har tatt videreutdanning og bosatt seg i eller utenfor Tr\u00f8ndelag. Regionen har fokusert sitt fagtilbud inn mot andre etablerte arenaer, og gjennomf\u00f8rer prim\u00e6rt lengre workshops. Et viktig samarbeid er med flere av de kommunale kulturskolene om en fagdag for alle dansepedagogene, hvor PRODA Nord-Tr\u00f8ndelag er ansvarlige for det faglige innholdet.<\/p>\n\n\n<p><\/p>\n\n\n\n<div class=\"wp-block-media-text has-media-on-the-right is-stacked-on-mobile\" style=\"grid-template-columns:auto 30%\"><div class=\"wp-block-media-text__content\">\n<p><strong>Kontaktinformasjon:<\/strong><\/p>\n\n\n\n<p><strong>Regional leder:<\/strong> Ken Bruun <\/p>\n\n\n\n<p><strong>Tlf:<\/strong> 906 37 499<\/p>\n\n\n\n<p><strong>Mail: <\/strong><a href=\"mailto:ken@dansitrondelag.no\">ken@dansitrondelag.no<\/a><\/p>\n\n\n\n<p><\/p>\n\n\n\n<p><\/p>\n<\/div><figure class=\"wp-block-media-text__media\"><img loading=\"lazy\" decoding=\"async\" width=\"1024\" height=\"1024\" src=\"https:\/\/proda.no\/wp-content\/uploads\/2025\/03\/Profil-KenBruun-kredit-Janne-Svit-1024x1024.jpg\" alt=\"\" class=\"wp-image-18966 size-full\" srcset=\"https:\/\/proda.no\/wp-content\/uploads\/2025\/03\/Profil-KenBruun-kredit-Janne-Svit-1024x1024.jpg 1024w, https:\/\/proda.no\/wp-content\/uploads\/2025\/03\/Profil-KenBruun-kredit-Janne-Svit-300x300.jpg 300w, https:\/\/proda.no\/wp-content\/uploads\/2025\/03\/Profil-KenBruun-kredit-Janne-Svit-150x150.jpg 150w, https:\/\/proda.no\/wp-content\/uploads\/2025\/03\/Profil-KenBruun-kredit-Janne-Svit-100x100.jpg 100w, https:\/\/proda.no\/wp-content\/uploads\/2025\/03\/Profil-KenBruun-kredit-Janne-Svit-1536x1536.jpg 1536w, https:\/\/proda.no\/wp-content\/uploads\/2025\/03\/Profil-KenBruun-kredit-Janne-Svit-2048x2048.jpg 2048w, https:\/\/proda.no\/wp-content\/uploads\/2025\/03\/Profil-KenBruun-kredit-Janne-Svit-960x960.jpg 960w, https:\/\/proda.no\/wp-content\/uploads\/2025\/03\/Profil-KenBruun-kredit-Janne-Svit-480x480.jpg 480w, https:\/\/proda.no\/wp-content\/uploads\/2025\/03\/Profil-KenBruun-kredit-Janne-Svit-52x52.jpg 52w, https:\/\/proda.no\/wp-content\/uploads\/2025\/03\/Profil-KenBruun-kredit-Janne-Svit-128x128.jpg 128w\" sizes=\"auto, (max-width: 1024px) 100vw, 1024px\" \/><\/figure><\/div>\n\n\n\n<p><\/p>\n\n\n\n<p>For mer informasjon og timeplan sjekk ut PRODA Nord-tr\u00f8ndelag p\u00e5 <a href=\"https:\/\/www.facebook.com\/dansitrondelag\/\" target=\"_blank\" rel=\"noreferrer noopener\">facebook<\/a>, <a href=\"https:\/\/www.instagram.com\/dansitrondelag\/\" target=\"_blank\" rel=\"noreferrer noopener\">instagram<\/a> eller via deres <a href=\"https:\/\/www.dansitrondelag.no\/proda-1\" target=\"_blank\" rel=\"noreferrer noopener\">nettside<\/a>.<\/p>\n\n\n\n<p>Aktivitet ved PRODA Nord-tr\u00f8ndelag gjennomf\u00f8res i Steinkjer, Inder\u00f8y, Verdal og Levanger. <\/p>\n\n\n\n<p>For mer informasjon om Dans i Nord-tr\u00f8ndelag sjekk dem ut <a href=\"http:\/\/www.dansitrondelag.no\" target=\"_blank\" rel=\"noreferrer noopener\">her!<\/a><\/p>\n\n\n\n<figure class=\"wp-block-image size-thumbnail\"><img loading=\"lazy\" decoding=\"async\" width=\"150\" height=\"150\" src=\"https:\/\/proda.no\/wp-content\/uploads\/2025\/03\/Skjermbilde-2025-03-28-kl.-11.16.16-150x150.png\" alt=\"\" class=\"wp-image-19038\" srcset=\"https:\/\/proda.no\/wp-content\/uploads\/2025\/03\/Skjermbilde-2025-03-28-kl.-11.16.16-150x150.png 150w, https:\/\/proda.no\/wp-content\/uploads\/2025\/03\/Skjermbilde-2025-03-28-kl.-11.16.16-300x300.png 300w, https:\/\/proda.no\/wp-content\/uploads\/2025\/03\/Skjermbilde-2025-03-28-kl.-11.16.16-1024x1024.png 1024w, https:\/\/proda.no\/wp-content\/uploads\/2025\/03\/Skjermbilde-2025-03-28-kl.-11.16.16-100x100.png 100w, https:\/\/proda.no\/wp-content\/uploads\/2025\/03\/Skjermbilde-2025-03-28-kl.-11.16.16-1536x1536.png 1536w, https:\/\/proda.no\/wp-content\/uploads\/2025\/03\/Skjermbilde-2025-03-28-kl.-11.16.16-2048x2048.png 2048w, https:\/\/proda.no\/wp-content\/uploads\/2025\/03\/Skjermbilde-2025-03-28-kl.-11.16.16-960x960.png 960w, https:\/\/proda.no\/wp-content\/uploads\/2025\/03\/Skjermbilde-2025-03-28-kl.-11.16.16-480x480.png 480w, https:\/\/proda.no\/wp-content\/uploads\/2025\/03\/Skjermbilde-2025-03-28-kl.-11.16.16-52x52.png 52w, https:\/\/proda.no\/wp-content\/uploads\/2025\/03\/Skjermbilde-2025-03-28-kl.-11.16.16-128x128.png 128w\" sizes=\"auto, (max-width: 150px) 100vw, 150px\" \/><\/figure>\n\n\n\n<p><\/p>\n\n\n\n<p><sub>Foto fra PRODA klasse med Marianne Kj\u00e6rsund \/ Profilbilde: Janne Svit<\/sub><\/p>","protected":false},"excerpt":{"rendered":"<p>PRODA Nord-Tr\u00f8ndelag administreres av Dans i Tr\u00f8ndelag, regionalt kompetansesenter for dans. Regionen har hatt aktivitet siden 2006. Rundt 30 dansere og pedagoger bor og virker i Nord-Tr\u00f8ndelag. De fleste i&#8230;<\/p>","protected":false},"author":1,"featured_media":0,"parent":929,"menu_order":0,"comment_status":"closed","ping_status":"closed","template":"","meta":{"_acf_changed":false,"footnotes":""},"class_list":["post-1008","page","type-page","status-publish","hentry"],"acf":[],"featured_image_src":null,"_links":{"self":[{"href":"https:\/\/proda.no\/en\/wp-json\/wp\/v2\/pages\/1008","targetHints":{"allow":["GET"]}}],"collection":[{"href":"https:\/\/proda.no\/en\/wp-json\/wp\/v2\/pages"}],"about":[{"href":"https:\/\/proda.no\/en\/wp-json\/wp\/v2\/types\/page"}],"author":[{"embeddable":true,"href":"https:\/\/proda.no\/en\/wp-json\/wp\/v2\/users\/1"}],"replies":[{"embeddable":true,"href":"https:\/\/proda.no\/en\/wp-json\/wp\/v2\/comments?post=1008"}],"version-history":[{"count":19,"href":"https:\/\/proda.no\/en\/wp-json\/wp\/v2\/pages\/1008\/revisions"}],"predecessor-version":[{"id":19040,"href":"https:\/\/proda.no\/en\/wp-json\/wp\/v2\/pages\/1008\/revisions\/19040"}],"up":[{"embeddable":true,"href":"https:\/\/proda.no\/en\/wp-json\/wp\/v2\/pages\/929"}],"wp:attachment":[{"href":"https:\/\/proda.no\/en\/wp-json\/wp\/v2\/media?parent=1008"}],"curies":[{"name":"wp","href":"https:\/\/api.w.org\/{rel}","templated":true}]}}